{"id":8,"date":"2023-02-08T14:13:16","date_gmt":"2023-02-08T22:13:16","guid":{"rendered":"https:\/\/safeandsound.org\/\/?page_id=8"},"modified":"2026-04-30T12:47:20","modified_gmt":"2026-04-30T19:47:20","slug":"home","status":"publish","type":"page","link":"https:\/\/sffamilyservicesalliance.org\/vi\/","title":{"rendered":"Trang ch\u1ee7"},"content":{"rendered":"<div class=\"block -width-full -valign-default hero\" style=\"\" ><div class=\"block-inside hero-inside\"><div class=\"hero-image\"><img loading=\"lazy\" decoding=\"async\" width=\"2560\" height=\"1280\" src=\"https:\/\/sffamilyservicesalliance.org\/wp-content\/uploads\/2024\/08\/IMG_3732-edited-scaled.jpg\" class=\"attachment-full size-full\" alt=\"\" srcset=\"https:\/\/sffamilyservicesalliance.org\/wp-content\/uploads\/2024\/08\/IMG_3732-edited-scaled.jpg 2560w, https:\/\/sffamilyservicesalliance.org\/wp-content\/uploads\/2024\/08\/IMG_3732-edited-300x150.jpg 300w, https:\/\/sffamilyservicesalliance.org\/wp-content\/uploads\/2024\/08\/IMG_3732-edited-1024x512.jpg 1024w, https:\/\/sffamilyservicesalliance.org\/wp-content\/uploads\/2024\/08\/IMG_3732-edited-768x384.jpg 768w, https:\/\/sffamilyservicesalliance.org\/wp-content\/uploads\/2024\/08\/IMG_3732-edited-1536x768.jpg 1536w, https:\/\/sffamilyservicesalliance.org\/wp-content\/uploads\/2024\/08\/IMG_3732-edited-2048x1024.jpg 2048w\" sizes=\"auto, (max-width: 2560px) 100vw, 2560px\" \/><\/div>\n<div class=\"hero-text -altfont\">\n<span>L\u00e0m vi\u1ec7c t\u1eadp th\u1ec3 cho<\/span>\n<span>T\u1ea4T C\u1ea2<br>c\u1ee7a San Francisco<\/span>\n<span>tr\u1ebb em v\u00e0 gia \u0111\u00ecnh<\/span>\n<\/div>\n<\/div><\/div>\n\n<div class=\"-default -vpadding-large -topborder-none block -width-default -halign-center -valign-default container\" style=\"\" ><div class=\"block-inside container-inside\">\t\t<div class=\"container-blocks\">\n\t\t\n<div class=\"-default -vpadding-none -topborder-none block -width-default -halign-center -valign-default container\" style=\"\" ><div class=\"block-inside container-inside\">\t\t<div class=\"container-blocks\">\n\t\t\n<div class=\"-align-center -heading-large -color-gray2 -boldcolor-purple -padding-none block -width-default -halign-center -valign-default heading\" style=\"\" ><div class=\"block-inside heading-inside\"><div role=\"heading\" aria-level=\"1\" data-search=\"Ensuring all families have access to the supports and services they need to thrive.\">\u0110\u1ea3m b\u1ea3o <strong><em>t\u1ea5t c\u1ea3 c\u00e1c gia \u0111\u00ecnh<\/em><\/strong> c\u00f3 quy\u1ec1n ti\u1ebfp c\u1eadn c\u00e1c h\u1ed7 tr\u1ee3 v\u00e0 d\u1ecbch v\u1ee5 <strong><em>h\u1ecd c\u1ea7n ph\u1ea3i ph\u00e1t tri\u1ec3n m\u1ea1nh<\/em><\/strong>.<\/div><\/div><\/div>\n\n<div class=\"-type-manual block -width-default -halign-center -valign-default spacer\" style=\"--spacing: 5;\" ><div class=\"block-inside spacer-inside\"><\/div><\/div>\n\n<div class=\"stats-container\">\n    <ul class=\"stats\">\n                    <li class=\"stat\">\n                <span><i class=\"fa-classic fa-solid fa-people-group\" aria-hidden=\"true\"><\/i><\/span>\n                <span>&gt; <span data-number=\"50000\">50,000<\/span><\/span>\n                <span>C\u00e1 nh\u00e2n \u0111\u01b0\u1ee3c ph\u1ee5c v\u1ee5<br \/>\r\nH\u00e0ng n\u0103m<\/span>\n            <\/li>\n                        <li class=\"stat\">\n                <span><i class=\"fa-classic fa-solid fa-money-bill-1\" aria-hidden=\"true\"><\/i><\/span>\n                <span><span data-number=\"92\">92<\/span>%<\/span>\n                <span>Thu nh\u1eadp th\u1ea5p<br \/>\r\nGia \u0111\u00ecnh<\/span>\n            <\/li>\n                        <li class=\"stat\">\n                <span><i class=\"fa-classic fa-solid fa-language\" aria-hidden=\"true\"><\/i><\/span>\n                <span><span data-number=\"25\">25<\/span><\/span>\n                <span>Ng\u00f4n ng\u1eef<br \/>\r\n\u0111\u01b0\u1ee3c n\u00f3i b\u1edfi Gia \u0111\u00ecnh<\/span>\n            <\/li>\n                        <li class=\"stat\">\n                <span><i class=\"fa-classic fa-solid fa-hands-holding-child\" aria-hidden=\"true\"><\/i><\/span>\n                <span>&gt;<span data-number=\"600\">600<\/span><\/span>\n                <span>Nh\u00e2n vi\u00ean h\u1ed7 tr\u1ee3 gia \u0111\u00ecnh<\/span>\n            <\/li>\n                        <li class=\"stat\">\n                <span><i class=\"fa-classic fa-solid fa-person-shelter\" aria-hidden=\"true\"><\/i><\/span>\n                <span><span data-number=\"43\">43<\/span><\/span>\n                <span>Th\u00e0nh vi\u00ean<br \/>\r\nC\u00e1c t\u1ed5 ch\u1ee9c<\/span>\n            <\/li>\n                <\/ul>\n<\/div>\n\n\n<div class=\"-type-manual block -width-default -halign-center -valign-default spacer\" style=\"--spacing: 0;\" ><div class=\"block-inside spacer-inside\"><\/div><\/div>\n\n<div class=\"-bullet-purple -bullet -size-small -align-center block -width-default -halign-center -valign-default text\" style=\"\" ><div class=\"block-inside text-inside\"><p>* Th\u1ed1ng k\u00ea c\u00f3 hi\u1ec7u l\u1ef1c t\u1eeb n\u0103m 2024<\/p><\/div><\/div>\n\n\t<\/div>\n<\/div><\/div>\n\n\t<\/div>\n<\/div><\/div>\n\n<div class=\"-default -vpadding-medium -hasbg -topborder-none block -width-default -halign-center -valign-default container\" style=\"--background: var(--color-subtle-gray);\" ><div class=\"block-inside container-inside\">\t\t<div class=\"container-blocks\">\n\t\t\n<div class=\"-align-center -heading-large -color-purple -boldcolor-default -padding-none block -width-default -halign-center -valign-default heading\" style=\"\" ><div class=\"block-inside heading-inside\"><div role=\"heading\" aria-level=\"1\" data-search=\"Upcoming Events\"><strong>S\u1ef1 ki\u1ec7n s\u1eafp t\u1edbi<\/strong><\/div><\/div><\/div>\n\n<div class=\"-bullet-purple -bullet -size-large -align-center block -width-default -halign-center -valign-default text\" style=\"\" ><div class=\"block-inside text-inside\"><p>Tham gia kh\u00f3a \u0111\u00e0o t\u1ea1o \u0111\u1ec3 x\u00e2y d\u1ef1ng n\u0103ng l\u1ef1c v\u00ec m\u1ed9t c\u1ed9ng \u0111\u1ed3ng t\u1ed1t \u0111\u1eb9p h\u01a1n.<\/p><\/div><\/div>\n\n<div class=\"-type-manual block -width-default -halign-center -valign-default spacer\" style=\"--spacing: 5;\" ><div class=\"block-inside spacer-inside\"><\/div><\/div>\n\n<div class=\"trainings\">\n\n        <div class=\"training\">\n        <div class=\"training-title\">X\u00e2y d\u1ef1ng nh\u1eefng kh\u00f4ng gian an to\u00e0n h\u01a1n, mang t\u00ednh ph\u1ee5c h\u1ed3i v\u00e0 ph\u00f9 h\u1ee3p v\u1edbi c\u00e1c gi\u00e1 tr\u1ecb c\u1ed1t l\u00f5i.<\/div>\n        <div class=\"training-date\">Th\u1ee9 Ba, ng\u00e0y 12 th\u00e1ng 5, 10:00 s\u00e1ng<\/div>\n        <div class=\"training-description\">&quot;C\u1ed9ng \u0111\u1ed3ng l\u00e0 s\u1ef1 b\u1ea3o v\u1ec7&quot; l\u00e0 m\u1ed9t kh\u00f3a \u0111\u00e0o t\u1ea1o mang t\u00ednh ph\u1ea3n t\u01b0 v\u00e0 h\u00e0nh \u0111\u1ed9ng, kh\u00e1m ph\u00e1 c\u00e1ch th\u1ee9c x\u00e2y d\u1ef1ng \u2013 ho\u1eb7c ph\u00e1 v\u1ee1 \u2013 s\u1ef1 an to\u00e0n, c\u1ea3m gi\u00e1c thu\u1ed9c v\u1ec1 v\u00e0 tr\u00e1ch nhi\u1ec7m gi\u1ea3i tr\u00ecnh th\u00f4ng qua nh\u1eefng l\u1ef1a ch\u1ecdn l\u00e3nh \u0111\u1ea1o h\u00e0ng ng\u00e0y. D\u1ef1a tr\u00ean kinh nghi\u1ec7m th\u1ef1c t\u1ebf v\u00e0 th\u1ef1c h\u00e0nh h\u01b0\u1edbng \u0111\u1ebfn s\u1ef1 ch\u1eefa l\u00e0nh, kh\u00f3a h\u1ecdc th\u00e1ch th\u1ee9c ng\u01b0\u1eddi tham gia xem x\u00e9t s\u1ef1 kh\u00e1c bi\u1ec7t gi\u1eefa \u00fd \u0111\u1ecbnh v\u00e0 t\u00e1c \u0111\u1ed9ng, \u0111\u1ed3ng th\u1eddi \u0111\u01b0a ra nh\u1eefng h\u00e0nh \u0111\u1ed9ng c\u1ee5 th\u1ec3 m\u00e0 c\u00e1c nh\u00e0 l\u00e3nh \u0111\u1ea1o c\u00f3 th\u1ec3 th\u1ef1c hi\u1ec7n \u0111\u1ec3 b\u1ea3o v\u1ec7 t\u1ed1t h\u01a1n c\u1ed9ng \u0111\u1ed3ng m\u00e0 h\u1ecd ph\u1ee5c v\u1ee5.<\/div>\n        <!--<div class=\"training-tags tags\">\n            <div class=\"training-tag tag\">PDCL<\/div>\n            <div class=\"training-tag tag\">Virtual<\/div>\n            <div class=\"training-tag tag\">Committee<\/div>\n        <\/div>-->\n        <div class=\"training-more\"><a class=\"-button -color-purple\" href=\"https:\/\/416community.eventbrite.com\">T\u00ecm hi\u1ec3u th\u00eam<\/a><\/div>    <\/div>\n        <div class=\"training\">\n        <div class=\"training-title\">Thi\u1ebft l\u1eadp v\u00e0 duy tr\u00ec ranh gi\u1edbi chuy\u00ean m\u00f4n<\/div>\n        <div class=\"training-date\">Th\u1ee9 N\u0103m, ng\u00e0y 14 th\u00e1ng 5, 10:00 s\u00e1ng<\/div>\n        <div class=\"training-description\">Kh\u00f3a \u0111\u00e0o t\u1ea1o n\u00e0y s\u1ebd h\u1ed7 tr\u1ee3 c\u00e1c chuy\u00ean gia trong vi\u1ec7c t\u1ea1o ra c\u00e1c ranh gi\u1edbi hi\u1ec7u qu\u1ea3 t\u1ea1i n\u01a1i l\u00e0m vi\u1ec7c. Ng\u01b0\u1eddi tham gia s\u1ebd \u0111\u01b0\u1ee3c chu\u1ea9n b\u1ecb \u0111\u1ec3 th\u1ef1c hi\u1ec7n c\u00e1c ranh gi\u1edbi v\u1edbi \u0111\u1ed3ng nghi\u1ec7p, gi\u00e1m s\u00e1t vi\u00ean, kh\u00e1ch h\u00e0ng v\u00e0 c\u1ed9ng \u0111\u1ed3ng \u0111\u1ec3 gi\u1ea3m t\u00ecnh tr\u1ea1ng ki\u1ec7t s\u1ee9c v\u00e0 t\u0103ng t\u00e1c \u0111\u1ed9ng.<\/div>\n        <!--<div class=\"training-tags tags\">\n            <div class=\"training-tag tag\">PDCL<\/div>\n            <div class=\"training-tag tag\">Virtual<\/div>\n            <div class=\"training-tag tag\">Committee<\/div>\n        <\/div>-->\n        <div class=\"training-more\"><a class=\"-button -color-purple\" href=\"https:\/\/514boundaries.eventbrite.com\">T\u00ecm hi\u1ec3u th\u00eam<\/a><\/div>    <\/div>\n    \n<\/div>\n\n\t<\/div>\n<\/div><\/div>\n\n<div class=\"-default -vpadding-none -topborder-none block -width-default -halign-center -valign-default container\" style=\"\" ><div class=\"block-inside container-inside\">\t\t<div class=\"container-blocks\">\n\t\t\n<div class=\"-type-manual block -width-default -halign-center -valign-default spacer\" style=\"--spacing: 8;\" ><div class=\"block-inside spacer-inside\"><\/div><\/div>\n\n\t<\/div>\n<\/div><\/div>\n\n<div class=\"-default -vpadding-none -topborder-none block -width-default -halign-center -valign-default container\" style=\"\" ><div class=\"block-inside container-inside\">\t\t<div class=\"container-blocks\">\n\t\t\n<div class=\"-columns -columns -columns-align-center -columns-2 -vpadding-none -topborder-none block -width-default -halign-center -valign-default container\" style=\"\" ><div class=\"block-inside container-inside\">\t\t<div class=\"container-blocks\">\n\t\t\n<div class=\"-default -vpadding-none -topborder-none block -width-default -halign-center -valign-default container\" style=\"\" ><div class=\"block-inside container-inside\">\t\t<div class=\"container-blocks\">\n\t\t\n<div class=\"-align-center -heading-large -color-red -boldcolor-default -padding-none block -width-default -halign-center -valign-default heading\" style=\"\" ><div class=\"block-inside heading-inside\"><div role=\"heading\" aria-level=\"1\" data-search=\"Partner Spotlight: Family Connections Centers \"><strong>Ti\u00eau \u0111i\u1ec3m \u0111\u1ed1i t\u00e1c:<\/strong><br><span style=\"font-size: 0.9em;\">Trung t\u00e2m k\u1ebft n\u1ed1i gia \u0111\u00ecnh <\/span><\/div><\/div><\/div>\n\n<div class=\"-align-center -heading-small -color-gray2 -boldcolor-default -padding-none block -width-default -halign-center -valign-default heading\" style=\"\" ><div class=\"block-inside heading-inside\"><div role=\"heading\" aria-level=\"1\" data-search=\"Helping children and families thrive\">Gi\u00fap tr\u1ebb em v\u00e0 gia \u0111\u00ecnh ph\u00e1t tri\u1ec3n th\u1ecbnh v\u01b0\u1ee3ng<\/div><\/div><\/div>\n\n<div class=\"-type-manual block -width-default -halign-center -valign-default spacer\" style=\"--spacing: 1;\" ><div class=\"block-inside spacer-inside\"><\/div><\/div>\n\n<div class=\"-bullet-red -bullet -size-small -align-left block -width-default -halign-center -valign-default text\" style=\"\" ><div class=\"block-inside text-inside\"><p>Trung t\u00e2m K\u1ebft n\u1ed1i Gia \u0111\u00ecnh (FCC) ho\u1ea1t \u0111\u1ed9ng nh\u1eb1m \u0111\u1ea3m b\u1ea3o tr\u1ebb em v\u00e0 gia \u0111\u00ecnh \u1edf San Francisco c\u00f3 \u0111\u01b0\u1ee3c s\u1ef1 h\u1ed7 tr\u1ee3 thi\u1ebft y\u1ebfu v\u00e0 c\u1ed9ng \u0111\u1ed3ng c\u1ea7n thi\u1ebft \u0111\u1ec3 ph\u00e1t tri\u1ec3n. Xu\u1ea5t ph\u00e1t t\u1eeb nhu c\u1ea7u c\u1ee7a c\u00e1c khu d\u00e2n c\u01b0 m\u00e0 ch\u00fang t\u00f4i ph\u1ee5c v\u1ee5, FCC \u0111\u01b0\u1ee3c th\u00e0nh l\u1eadp \u0111\u1ec3 \u0111\u00e1p \u1ee9ng nh\u1eefng nhu c\u1ea7u th\u1ef1c t\u1ebf c\u1ee7a c\u00e1c gia \u0111\u00ecnh \u2013 \u0111\u1eb7c bi\u1ec7t l\u00e0 nh\u1eefng gia \u0111\u00ecnh \u0111ang g\u1eb7p kh\u00f3 kh\u0103n v\u1ec1 kinh t\u1ebf, r\u00e0o c\u1ea3n ng\u00f4n ng\u1eef ho\u1eb7c h\u1ea1n ch\u1ebf ti\u1ebfp c\u1eadn c\u00e1c d\u1ecbch v\u1ee5 thi\u1ebft y\u1ebfu. <\/p>\n<p>Th\u00f4ng qua ph\u01b0\u01a1ng ph\u00e1p ti\u1ebfp c\u1eadn nh\u1ea1y b\u00e9n v\u1ec1 v\u0103n h\u00f3a v\u00e0 l\u1ea5y ng\u01b0\u1eddi tham gia l\u00e0m trung t\u00e2m, FCC cung c\u1ea5p gi\u00e1o d\u1ee5c m\u1ea7m non, c\u00e1c ho\u1ea1t \u0111\u1ed9ng ngo\u1ea1i kh\u00f3a, l\u1edbp h\u1ecdc nu\u00f4i d\u1ea1y con c\u00e1i, qu\u1ea3n l\u00fd tr\u01b0\u1eddng h\u1ee3p v\u00e0 h\u1ed7 tr\u1ee3 c\u00e1c nhu c\u1ea7u c\u01a1 b\u1ea3n. C\u00e1c ch\u01b0\u01a1ng tr\u00ecnh \u0111\u01b0\u1ee3c gi\u1ea3ng d\u1ea1y b\u1eb1ng ti\u1ebfng Anh, ti\u1ebfng T\u00e2y Ban Nha, ti\u1ebfng Qu\u1ea3ng \u0110\u00f4ng, ti\u1ebfng Quan Tho\u1ea1i, ti\u1ebfng Vi\u1ec7t v\u00e0 ti\u1ebfng Tagalog. B\u1eb1ng c\u00e1ch k\u1ebft h\u1ee3p gi\u00e1o d\u1ee5c, h\u1ed7 tr\u1ee3 gia \u0111\u00ecnh v\u00e0 k\u1ebft n\u1ed1i c\u1ed9ng \u0111\u1ed3ng d\u01b0\u1edbi m\u1ed9t m\u00e1i nh\u00e0, FCC gi\u00fap x\u00e2y d\u1ef1ng s\u1ef1 \u1ed5n \u0111\u1ecbnh cho c\u00e1c gia \u0111\u00ecnh \u0111\u1ed3ng th\u1eddi nu\u00f4i d\u01b0\u1ee1ng s\u1ef1 ph\u00e1t tri\u1ec3n l\u00e0nh m\u1ea1nh \u1edf m\u1ecdi giai \u0111o\u1ea1n.  <\/p><\/div><\/div>\n\n<div class=\"-type-manual block -width-default -halign-center -valign-default spacer\" style=\"--spacing: 1;\" ><div class=\"block-inside spacer-inside\"><\/div><\/div>\n\n<div class=\"block -width-default -halign-center -valign-default quote\" style=\"\" ><div class=\"block-inside quote-inside\"><blockquote><p>T\u00f4i x\u00fac \u0111\u1ed9ng khi ngh\u0129 v\u1ec1 Kobe, con trai t\u00f4i. T\u00f4i \u0111\u00e3 ch\u1ee9ng ki\u1ebfn s\u1ef1 tr\u01b0\u1edfng th\u00e0nh v\u00e0 thay \u0111\u1ed5i v\u01b0\u1ee3t b\u1eadc c\u1ee7a ch\u00e1u k\u1ec3 t\u1eeb khi b\u1eaft \u0111\u1ea7u h\u1ecdc l\u1edbp m\u1eabu gi\u00e1o \u1edf \u0111\u00e2y. Kobe \u0111\u00e3 h\u1ecdc \u0111\u01b0\u1ee3c r\u1ea5t nhi\u1ec1u k\u1ef9 n\u0103ng t\u1eeb c\u00e1c c\u00f4 gi\u00e1o. T\u00f4i mu\u1ed1n con g\u00e1i nh\u1ecf c\u1ee7a t\u00f4i c\u0169ng \u0111\u01b0\u1ee3c h\u1ecdc \u1edf \u0111\u00e2y khi b\u00e9 \u0111\u1ee7 tu\u1ed5i.&quot;\"  <\/p>\n<p>Kaye, ph\u1ee5 huynh h\u1ecdc sinh m\u1eabu gi\u00e1o<\/p><\/blockquote><\/div><\/div>\n\n<div class=\"-type-manual block -width-default -halign-center -valign-default spacer\" style=\"--spacing: 0;\" ><div class=\"block-inside spacer-inside\"><\/div><\/div>\n\n<div class=\"-size-large block -width-default -halign-center -valign-default buttons\" style=\"\" ><div class=\"block-inside buttons-inside\"><a class=\"-button -color-red\" href=\"https:\/\/sffamilyservicesalliance.org\/vi\/partner-spotlight\/\">T\u00ecm hi\u1ec3u th\u00eam<\/a><\/div><\/div>\n\n\t<\/div>\n<\/div><\/div>\n\n<div class=\"-default -vpadding-none -topborder-none block -width-default -halign-center -valign-default container\" style=\"\" ><div class=\"block-inside container-inside\">\t\t<div class=\"container-blocks\">\n\t\t\n<div class=\"block -width-custom -halign-left -valign-default image\" style=\"--widget-max-width: 900px;\" ><div class=\"block-inside image-inside\"><figure><img loading=\"lazy\" decoding=\"async\" width=\"2560\" height=\"1858\" src=\"https:\/\/sffamilyservicesalliance.org\/wp-content\/uploads\/2026\/04\/FCC-1-scaled.jpeg\" class=\"attachment-full size-full\" alt=\"\" srcset=\"https:\/\/sffamilyservicesalliance.org\/wp-content\/uploads\/2026\/04\/FCC-1-scaled.jpeg 2560w, https:\/\/sffamilyservicesalliance.org\/wp-content\/uploads\/2026\/04\/FCC-1-300x218.jpeg 300w, https:\/\/sffamilyservicesalliance.org\/wp-content\/uploads\/2026\/04\/FCC-1-1024x743.jpeg 1024w, https:\/\/sffamilyservicesalliance.org\/wp-content\/uploads\/2026\/04\/FCC-1-768x557.jpeg 768w, https:\/\/sffamilyservicesalliance.org\/wp-content\/uploads\/2026\/04\/FCC-1-1536x1115.jpeg 1536w, https:\/\/sffamilyservicesalliance.org\/wp-content\/uploads\/2026\/04\/FCC-1-2048x1486.jpeg 2048w, https:\/\/sffamilyservicesalliance.org\/wp-content\/uploads\/2026\/04\/FCC-1-18x12.jpeg 18w\" sizes=\"auto, (max-width: 2560px) 100vw, 2560px\" \/><figcaption>C\u00e1c b\u1eadc ph\u1ee5 huynh c\u00f9ng c\u00e1c b\u00e9 v\u00e0 c\u00e1c gi\u1ea3ng vi\u00ean \u0111\u01b0\u1ee3c ch\u1ee9ng nh\u1eadn tham gia bu\u1ed5i l\u1ec5 t\u1ed1t nghi\u1ec7p kh\u00f3a h\u1ecdc m\u00e1t-xa cho tr\u1ebb s\u01a1 sinh c\u1ee7a Trung t\u00e2m K\u1ebft n\u1ed1i Gia \u0111\u00ecnh. Ch\u01b0\u01a1ng tr\u00ecnh n\u00e0y gi\u00fap c\u00e1c gia \u0111\u00ecnh x\u00e2y d\u1ef1ng s\u1ef1 t\u1ef1 tin trong vi\u1ec7c nu\u00f4i d\u1ea1y con c\u00e1i, t\u0103ng c\u01b0\u1eddng g\u1eafn k\u1ebft s\u1edbm v\u00e0 h\u1ed7 tr\u1ee3 s\u1ef1 ph\u00e1t tri\u1ec3n l\u00e0nh m\u1ea1nh trong nh\u1eefng giai \u0111o\u1ea1n \u0111\u1ea7u \u0111\u1eddi.  <\/figcaption><\/figure><\/div><\/div>\n\n<div class=\"-bullet-red -bullet -size-small -align-left block -width-default -halign-center -valign-default text\" style=\"\" ><div class=\"block-inside text-inside\"><p><strong>\u0110\u1ec3 bi\u1ebft th\u00eam th\u00f4ng tin v\u1ec1 c\u00e1c Trung t\u00e2m K\u1ebft n\u1ed1i Gia \u0111\u00ecnh:<\/strong><\/p>\n<ul>\n<li>E-mail  <a href=\"mailto:info@fccenters.org\">info@fccenters.org<\/a>\n<br><\/li>\n<li>G\u1ecdi <a href=\"tel:415-715-6746\">415-715-6746<\/a>\n<br><\/li>\n<li>Th\u0103m nom <a href=\"https:\/\/fccenters.org\/\/\">Trang web c\u1ee7a Trung t\u00e2m K\u1ebft n\u1ed1i Gia \u0111\u00ecnh<\/a><\/li>\n<\/ul><\/div><\/div>\n\n\t<\/div>\n<\/div><\/div>\n\n\t<\/div>\n<\/div><\/div>\n\n\t<\/div>\n<\/div><\/div>\n\n<div class=\"-default -vpadding-none -topborder-none block -width-default -halign-center -valign-default container\" style=\"\" ><div class=\"block-inside container-inside\">\t\t<div class=\"container-blocks\">\n\t\t\n<div class=\"-type-manual block -width-default -halign-center -valign-default spacer\" style=\"--spacing: 5;\" ><div class=\"block-inside spacer-inside\"><\/div><\/div>\n\n\t<\/div>\n<\/div><\/div>\n\n<div class=\"-columns -columns -columns-align-top -columns-2 -vpadding-none -topborder-none block -width-default -halign-center -valign-default container\" style=\"\" ><div class=\"block-inside container-inside\">\t\t<div class=\"container-blocks\">\n\t\t\n<div class=\"-default -vpadding-none -topborder-none block -width-default -halign-center -valign-default container\" style=\"\" ><div class=\"block-inside container-inside\">\t\t<div class=\"container-blocks\">\n\t\t\n\t<\/div>\n<\/div><\/div>\n\n<div class=\"-default -vpadding-none -topborder-none block -width-default -halign-center -valign-default container\" style=\"\" ><div class=\"block-inside container-inside\">\t\t<div class=\"container-blocks\">\n\t\t\n\t<\/div>\n<\/div><\/div>\n\n\t<\/div>\n<\/div><\/div>\n\n<div class=\"-default -vpadding-none -topborder-none block -width-default -halign-center -valign-default container\" style=\"\" ><div class=\"block-inside container-inside\">\t\t<div class=\"container-blocks\">\n\t\t\n<div class=\"-type-manual block -width-default -halign-center -valign-default spacer\" style=\"--spacing: 7;\" ><div class=\"block-inside spacer-inside\"><\/div><\/div>\n\n\t<\/div>\n<\/div><\/div>\n\n<div class=\"-default -vpadding-large -hasbg -topborder-none block -width-default -halign-center -valign-default container\" style=\"--background: var(--color-subtle-gray);\" ><div class=\"block-inside container-inside\">\t\t<div class=\"container-blocks\">\n\t\t\n<div class=\"block -width-default -halign-center -valign-default news\" style=\"\" ><div class=\"block-inside news-inside\">\n<div class=\"news-readshare\">\t\n\t<div class=\"news-readshare-text\">\n\t\t<div style=\"display: flex; gap: 60px; align-items: center;\">\n\t\t\t<div class=\"news-readshare-main\">\n\t\t\t\t<div class=\"news-readshare-heading -heading-large -color-blue1\" role=\"heading\" aria-level=\"1\">M\u1edbi &amp; \u0110\u00e1ng ch\u00fa \u00fd<\/div>\n\t\t\t\t<div class=\"news-readshare-heading -heading-medium -color-gray2\" role=\"heading\" aria-level=\"1\"><strong>B\u00e1o c\u00e1o Kinh t\u1ebf v\u1ec1 L\u1ea1m d\u1ee5ng Tr\u1ebb em n\u0103m 2025<\/strong><\/div>\n\t\t\t\t<div class=\"news-readshare-excerpt\"><p>B\u00e1o c\u00e1o Kinh t\u1ebf v\u1ec1 L\u1ea1m d\u1ee5ng Tr\u1ebb em n\u0103m 2025 c\u1ee7a Safe &amp; Sound \u0111\u00e3 \u0111\u01b0\u1ee3c c\u00f4ng b\u1ed1, v\u00e0 nh\u1eefng ph\u00e1t hi\u1ec7n d\u00e0nh cho San Francisco r\u1ea5t \u0111\u00e1ng \u0111\u1ec3 b\u1ea1n quan t\u00e2m. L\u1ea1m d\u1ee5ng v\u00e0 b\u1ecf b\u00ea tr\u1ebb em \u0111\u00e3 g\u00e2y thi\u1ec7t h\u1ea1i cho th\u00e0nh ph\u1ed1 ch\u00fang ta $333 tri\u1ec7u \u0111\u00f4 la ch\u1ec9 ri\u00eang trong n\u0103m 2025, bao g\u1ed3m chi ph\u00ed ch\u0103m s\u00f3c s\u1ee9c kh\u1ecfe, ph\u00fac l\u1ee3i tr\u1ebb em, t\u01b0 ph\u00e1p h\u00ecnh s\u1ef1, v\u00e0 c\u1ea3 m\u1ed9t \u0111\u1eddi s\u1ed1ng b\u1ecb m\u1ea5t \u0111i c\u1ee7a 431 tr\u1ebb em. Nh\u1eefng con s\u1ed1 n\u00e0y cho th\u1ea5y r\u00f5 r\u1eb1ng ph\u00f2ng ng\u1eeba kh\u00f4ng ch\u1ec9 l\u00e0 kho\u1ea3n \u0111\u1ea7u t\u01b0 \u0111\u00fang \u0111\u1eafn v\u1ec1 m\u1eb7t \u0111\u1ea1o \u0111\u1ee9c m\u00e0 c\u00f2n l\u00e0 kho\u1ea3n \u0111\u1ea7u t\u01b0 c\u00f3 tr\u00e1ch nhi\u1ec7m v\u1ec1 m\u1eb7t t\u00e0i ch\u00ednh. Kh\u00e1m ph\u00e1 to\u00e0n b\u1ed9 d\u1eef li\u1ec7u c\u1ee7a qu\u1eadn San Francisco, c\u0169ng nh\u01b0 d\u1eef li\u1ec7u cho m\u1ecdi qu\u1eadn c\u1ee7a California, t\u1ea1i \u0111\u00e2y. <a href=\"https:\/\/economics.safeandsound.org\">economics.safeandsound.org<\/a><\/p><\/div>\n\t\t\t\t<div class=\"news-readshare-more\"><a class=\"-button -color-blue1\" href=\"https:\/\/economics.safeandsound.org\">T\u00ecm hi\u1ec3u th\u00eam<\/a><\/div>\n\t\t\t<\/div>\n\t\t\t<div class=\"news-readshare-image\"><a href=\"https:\/\/economics.safeandsound.org\"><img loading=\"lazy\" decoding=\"async\" width=\"898\" height=\"689\" src=\"https:\/\/sffamilyservicesalliance.org\/wp-content\/uploads\/2026\/04\/Screenshot-2026-04-27-134449.png\" class=\"attachment-full size-full\" alt=\"\" srcset=\"https:\/\/sffamilyservicesalliance.org\/wp-content\/uploads\/2026\/04\/Screenshot-2026-04-27-134449.png 898w, https:\/\/sffamilyservicesalliance.org\/wp-content\/uploads\/2026\/04\/Screenshot-2026-04-27-134449-300x230.png 300w, https:\/\/sffamilyservicesalliance.org\/wp-content\/uploads\/2026\/04\/Screenshot-2026-04-27-134449-768x589.png 768w, https:\/\/sffamilyservicesalliance.org\/wp-content\/uploads\/2026\/04\/Screenshot-2026-04-27-134449-16x12.png 16w\" sizes=\"auto, (max-width: 898px) 100vw, 898px\" \/><\/a><\/div>\n\t\t<\/div>\n\t<\/div>\n<\/div>\n\n<\/div><\/div>\n\n\t<\/div>\n<\/div><\/div>","protected":false},"excerpt":{"rendered":"","protected":false},"author":1,"featured_media":0,"parent":0,"menu_order":0,"comment_status":"closed","ping_status":"closed","template":"","meta":{"_acf_changed":false,"footnotes":""},"class_list":["post-8","page","type-page","status-publish","hentry"],"acf":[],"_links":{"self":[{"href":"https:\/\/sffamilyservicesalliance.org\/vi\/wp-json\/wp\/v2\/pages\/8","targetHints":{"allow":["GET"]}}],"collection":[{"href":"https:\/\/sffamilyservicesalliance.org\/vi\/wp-json\/wp\/v2\/pages"}],"about":[{"href":"https:\/\/sffamilyservicesalliance.org\/vi\/wp-json\/wp\/v2\/types\/page"}],"author":[{"embeddable":true,"href":"https:\/\/sffamilyservicesalliance.org\/vi\/wp-json\/wp\/v2\/users\/1"}],"replies":[{"embeddable":true,"href":"https:\/\/sffamilyservicesalliance.org\/vi\/wp-json\/wp\/v2\/comments?post=8"}],"version-history":[{"count":312,"href":"https:\/\/sffamilyservicesalliance.org\/vi\/wp-json\/wp\/v2\/pages\/8\/revisions"}],"predecessor-version":[{"id":20147,"href":"https:\/\/sffamilyservicesalliance.org\/vi\/wp-json\/wp\/v2\/pages\/8\/revisions\/20147"}],"wp:attachment":[{"href":"https:\/\/sffamilyservicesalliance.org\/vi\/wp-json\/wp\/v2\/media?parent=8"}],"curies":[{"name":"wp","href":"https:\/\/api.w.org\/{rel}","templated":true}]}}