{"id":14232,"date":"2024-10-05T10:14:23","date_gmt":"2024-10-05T17:14:23","guid":{"rendered":"https:\/\/sffamilyservicesalliance.org\/?page_id=14232"},"modified":"2026-01-27T12:31:13","modified_gmt":"2026-01-27T20:31:13","slug":"management-training-program-faq","status":"publish","type":"page","link":"https:\/\/sffamilyservicesalliance.org\/vi\/training-and-pathways\/management-training-program-faq\/","title":{"rendered":"C\u00e2u h\u1ecfi th\u01b0\u1eddng g\u1eb7p v\u1ec1 Ch\u01b0\u01a1ng tr\u00ecnh \u0111\u00e0o t\u1ea1o qu\u1ea3n l\u00fd"},"content":{"rendered":"<div class=\"-pageheader-divider block -width-default -halign-center -valign-default container\" style=\"\" ><div class=\"block-inside container-inside\"><div class=\"block -width-default -halign-center -valign-default pageheader\" style=\"\" ><div class=\"block-inside pageheader-inside\"><h1 class=\"pageheader-heading\" role=\"heading\" aria-level=\"1\" data-search=\"Management Training Program\">Ch\u01b0\u01a1ng tr\u00ecnh \u0111\u00e0o t\u1ea1o qu\u1ea3n l\u00fd<\/h1><div class=\"pageheader-subheading\"><p>Nh\u1eefng c\u00e2u h\u1ecfi th\u01b0\u1eddng g\u1eb7p<\/p><\/div><\/div><\/div><\/div><\/div>\n\n<div class=\"-textcolumns -textcolumns-2 -vpadding-large -topborder-none block -width-default -halign-center -valign-default container\" style=\"\" ><div class=\"block-inside container-inside\">\t\t<div class=\"container-blocks\">\n\t\t\n<div class=\"-align-left -heading-medium -color-default -boldcolor-default -padding-none block -width-default -halign-center -valign-default heading\" style=\"\" ><div class=\"block-inside heading-inside\"><div role=\"heading\" aria-level=\"1\" data-search=\"What is the SFFSN Management Training Certificate Program?\">Ch\u01b0\u01a1ng tr\u00ecnh ch\u1ee9ng ch\u1ec9 \u0111\u00e0o t\u1ea1o qu\u1ea3n l\u00fd SFFSN l\u00e0 g\u00ec?<\/div><\/div><\/div>\n\n<div class=\"-bullet-red -bullet -size-small -align-left block -width-default -halign-center -valign-default text\" style=\"\" ><div class=\"block-inside text-inside\"><ul>\n<li>Ch\u01b0\u01a1ng tr\u00ecnh Family Services Alliance (FSA) \u0111\u00e3 ph\u00e1t tri\u1ec3n m\u1ed9t lo\u1ea1t c\u00e1c kh\u00f3a \u0111\u00e0o t\u1ea1o \u0111\u01b0\u1ee3c thi\u1ebft k\u1ebf \u0111\u1ec3 h\u1ed7 tr\u1ee3 ph\u00e1t tri\u1ec3n ki\u1ebfn th\u1ee9c v\u00e0 th\u1ef1c h\u00e0nh c\u1ee7a c\u00e1c nh\u00e0 qu\u1ea3n l\u00fd c\u01a1 quan d\u1ecbch v\u1ee5 x\u00e3 h\u1ed9i trong c\u00e1c ch\u01b0\u01a1ng tr\u00ecnh h\u1ed7 tr\u1ee3 gia \u0111\u00ecnh.\n<br><\/li>\n<li><strong>C\u00e1 nh\u00e2n n\u00e0o ho\u00e0n th\u00e0nh \u0111\u1ea7y \u0111\u1ee7 kh\u00f3a \u0111\u00e0o t\u1ea1o s\u1ebd nh\u1eadn \u0111\u01b0\u1ee3c ch\u1ee9ng ch\u1ec9 ho\u00e0n th\u00e0nh.<\/strong><\/li>\n<\/ul><\/div><\/div>\n\n<div class=\"-type-manual block -width-default -halign-center -valign-default spacer\" style=\"--spacing: 4;\" ><div class=\"block-inside spacer-inside\"><\/div><\/div>\n\n<div class=\"-align-left -heading-medium -color-default -boldcolor-default -padding-none block -width-default -halign-center -valign-default heading\" style=\"\" ><div class=\"block-inside heading-inside\"><div role=\"heading\" aria-level=\"1\" data-search=\"For whom is the Program intended?\">Ch\u01b0\u01a1ng tr\u00ecnh n\u00e0y d\u00e0nh cho ai?<\/div><\/div><\/div>\n\n<div class=\"-bullet-red -bullet -size-small -align-left block -width-default -halign-center -valign-default text\" style=\"\" ><div class=\"block-inside text-inside\"><ul>\n<li>Ch\u01b0\u01a1ng tr\u00ecnh n\u00e0y d\u00e0nh cho gi\u00e1m \u0111\u1ed1c ch\u01b0\u01a1ng tr\u00ecnh, qu\u1ea3n l\u00fd, qu\u1ea3n tr\u1ecb vi\u00ean, \u0111i\u1ec1u ph\u1ed1i vi\u00ean, qu\u1ea3n l\u00fd tr\u01b0\u1eddng h\u1ee3p c\u1ee7a c\u00e1c t\u1ed5 ch\u1ee9c h\u1ed7 tr\u1ee3 gia \u0111\u00ecnh qu\u1ea3n l\u00fd c\u00e1c c\u01a1 quan v\u00e0 ch\u01b0\u01a1ng tr\u00ecnh d\u1ecbch v\u1ee5 x\u00e3 h\u1ed9i. \u0110i\u1ec1u n\u00e0y c\u00f3 th\u1ec3 h\u1eefu \u00edch cho nh\u1eefng ng\u01b0\u1eddi kh\u00f4ng c\u00f3 b\u1eb1ng c\u1ea5p v\u1ec1 l\u00e3nh \u0111\u1ea1o t\u1ed5 ch\u1ee9c, qu\u1ea3n l\u00fd phi l\u1ee3i nhu\u1eadn, kinh doanh, h\u00e0nh ch\u00ednh ho\u1eb7c l\u0129nh v\u1ef1c li\u00ean quan.<\/li>\n<\/ul><\/div><\/div>\n\n<div class=\"-type-manual block -width-default -halign-center -valign-default spacer\" style=\"--spacing: 4;\" ><div class=\"block-inside spacer-inside\"><\/div><\/div>\n\n<div class=\"-align-left -heading-medium -color-default -boldcolor-default -padding-none block -width-default -halign-center -valign-default heading\" style=\"\" ><div class=\"block-inside heading-inside\"><div role=\"heading\" aria-level=\"1\" data-search=\"What are the benefits?\">L\u1ee3i \u00edch l\u00e0 g\u00ec?<\/div><\/div><\/div>\n\n<div class=\"-bullet-red -bullet -size-small -align-left block -width-default -halign-center -valign-default text\" style=\"\" ><div class=\"block-inside text-inside\"><p><strong>D\u00e0nh cho c\u00e1c nh\u00e0 l\u00e3nh \u0111\u1ea1o c\u01a1 quan d\u1ecbch v\u1ee5 x\u00e3 h\u1ed9i:<\/strong>\n<br><\/p>\n<ul>\n<li>N\u00e2ng cao ki\u1ebfn th\u1ee9c v\u00e0 th\u1ef1c h\u00e0nh trong vi\u1ec7c ph\u00e1t tri\u1ec3n \u0111\u1ed9i ng\u0169 nh\u00e2n vi\u00ean hi\u1ec7u qu\u1ea3\n<br><\/li>\n<li>Nhi\u1ec7m v\u1ee5 t\u1ed5 ch\u1ee9c v\u00e0 hi\u1ec7u su\u1ea5t cho c\u00e1c nh\u00e0 l\u00e3nh \u0111\u1ea1o c\u01a1 quan d\u1ecbch v\u1ee5 x\u00e3 h\u1ed9i\n<br><\/li>\n<li>Chi\u1ebfn l\u01b0\u1ee3c th\u1ef1c hi\u1ec7n cho qu\u1ea3n l\u00fd h\u01b0\u1edbng \u0111\u1ebfn k\u1ebft qu\u1ea3\n<br><\/li>\n<li>Qu\u1ea3n l\u00fd c\u00f3 s\u1ef1 tham gia\n<br><\/li>\n<li>C\u00e1c can thi\u1ec7p c\u00f3 h\u1ec7 th\u1ed1ng \u0111\u1ec3 h\u1ed7 tr\u1ee3 ho\u1ea1t \u0111\u1ed9ng v\u00e0 d\u1ecbch v\u1ee5 tr\u1ef1c ti\u1ebfp cho c\u00e1c gia \u0111\u00ecnh<\/li>\n<\/ul><\/div><\/div>\n\n<div class=\"-type-manual block -width-default -halign-center -valign-default spacer\" style=\"--spacing: 4;\" ><div class=\"block-inside spacer-inside\"><\/div><\/div>\n\n<div class=\"-align-left -heading-medium -color-default -boldcolor-default -padding-none block -width-default -halign-center -valign-default heading\" style=\"\" ><div class=\"block-inside heading-inside\"><div role=\"heading\" aria-level=\"1\" data-search=\"How does the Management Certificate Training Program work?\">Ch\u01b0\u01a1ng tr\u00ecnh \u0111\u00e0o t\u1ea1o ch\u1ee9ng ch\u1ec9 qu\u1ea3n l\u00fd ho\u1ea1t \u0111\u1ed9ng nh\u01b0 th\u1ebf n\u00e0o?<\/div><\/div><\/div>\n\n<div class=\"-bullet-red -bullet -size-small -align-left block -width-default -halign-center -valign-default text\" style=\"\" ><div class=\"block-inside text-inside\"><ul>\n<li>Nh\u1eefng ng\u01b0\u1eddi tham gia Ch\u01b0\u01a1ng tr\u00ecnh \u0111\u00e0o t\u1ea1o qu\u1ea3n l\u00fd v\u00e0 ho\u00e0n th\u00e0nh c\u00e1c kh\u00f3a \u0111\u00e0o t\u1ea1o b\u1eaft bu\u1ed9c \u0111\u01b0\u1ee3c li\u1ec7t k\u00ea d\u01b0\u1edbi \u0111\u00e2y s\u1ebd nh\u1eadn \u0111\u01b0\u1ee3c ch\u1ee9ng ch\u1ec9 ho\u00e0n th\u00e0nh.\n<br><\/li>\n<li>C\u00e1c kh\u00f3a \u0111\u00e0o t\u1ea1o s\u1ebd \u0111\u01b0\u1ee3c cung c\u1ea5p trong su\u1ed1t n\u0103m v\u00e0 ng\u01b0\u1eddi tham gia c\u00f3 th\u1ec3 \u0111\u0103ng k\u00fd ch\u01b0\u01a1ng tr\u00ecnh b\u1ea5t c\u1ee9 l\u00fac n\u00e0o.<\/li>\n<\/ul><\/div><\/div>\n\n<div class=\"-type-manual block -width-default -halign-center -valign-default spacer\" style=\"--spacing: 4;\" ><div class=\"block-inside spacer-inside\"><\/div><\/div>\n\n<div class=\"-align-left -heading-medium -color-default -boldcolor-default -padding-none block -width-default -halign-center -valign-default heading\" style=\"\" ><div class=\"block-inside heading-inside\"><div role=\"heading\" aria-level=\"1\" data-search=\"What if I have already taken FSA Management and Case Management trainings?\">N\u1ebfu t\u00f4i \u0111\u00e3 tham gia kh\u00f3a \u0111\u00e0o t\u1ea1o Qu\u1ea3n l\u00fd FSA v\u00e0 Qu\u1ea3n l\u00fd tr\u01b0\u1eddng h\u1ee3p th\u00ec sao?<\/div><\/div><\/div>\n\n<div class=\"-bullet-red -bullet -size-small -align-left block -width-default -halign-center -valign-default text\" style=\"\" ><div class=\"block-inside text-inside\"><ul>\n<li>C\u00e1c kh\u00f3a \u0111\u00e0o t\u1ea1o ph\u1ea3i \u0111\u01b0\u1ee3c ho\u00e0n th\u00e0nh trong v\u00f2ng hai n\u0103m tr\u1edf l\u1ea1i \u0111\u00e2y.\n<br><\/li>\n<li>\u0110i\u1ec3m t\u00edn ch\u1ec9 s\u1ebd \u0111\u01b0\u1ee3c trao cho nh\u1eefng ng\u01b0\u1eddi tham gia \u0111\u00e3 tham gia b\u1ea5t k\u1ef3 kh\u00f3a \u0111\u00e0o t\u1ea1o n\u00e0o \u0111\u01b0\u1ee3c cung c\u1ea5p tr\u01b0\u1edbc \u0111\u00f3.\n<br><\/li>\n<li>T\u00edn ch\u1ec9 ch\u1ec9 \u0111\u01b0\u1ee3c c\u1ea5p cho c\u00e1c kh\u00f3a \u0111\u00e0o t\u1ea1o do FSA cung c\u1ea5p.<\/li>\n<\/ul><\/div><\/div>\n\n<div class=\"-type-manual block -width-default -halign-center -valign-default spacer\" style=\"--spacing: 4;\" ><div class=\"block-inside spacer-inside\"><\/div><\/div>\n\n<div class=\"-align-left -heading-medium -color-default -boldcolor-default -padding-none block -width-default -halign-center -valign-default heading\" style=\"\" ><div class=\"block-inside heading-inside\"><div role=\"heading\" aria-level=\"1\" data-search=\"What does it cost?\">Gi\u00e1 c\u1ea3 th\u1ebf n\u00e0o?<\/div><\/div><\/div>\n\n<div class=\"-bullet-red -bullet -size-small -align-left block -width-default -halign-center -valign-default text\" style=\"\" ><div class=\"block-inside text-inside\"><ul>\n<li>Kh\u00f4ng m\u1ea5t ph\u00ed tham gia Ch\u01b0\u01a1ng tr\u00ecnh \u0111\u00e0o t\u1ea1o qu\u1ea3n l\u00fd ho\u1eb7c nh\u1eadn ch\u1ee9ng ch\u1ec9 ho\u00e0n th\u00e0nh, <strong>ngo\u00e0i l\u1ec7 ph\u00ed \u0111\u0103ng k\u00fd \u0111\u00e0o t\u1ea1o cho m\u1ed7i kh\u00f3a \u0111\u00e0o t\u1ea1o<\/strong>.<\/li>\n<\/ul><\/div><\/div>\n\n<div class=\"-type-manual block -width-default -halign-center -valign-default spacer\" style=\"--spacing: 4;\" ><div class=\"block-inside spacer-inside\"><\/div><\/div>\n\n<div class=\"-align-left -heading-medium -color-default -boldcolor-default -padding-none block -width-default -halign-center -valign-default heading\" style=\"\" ><div class=\"block-inside heading-inside\"><div role=\"heading\" aria-level=\"1\" data-search=\"How do I get started?\">T\u00f4i ph\u1ea3i b\u1eaft \u0111\u1ea7u th\u1ebf n\u00e0o?<\/div><\/div><\/div>\n\n<div class=\"-bullet-red -bullet -size-small -align-left block -width-default -halign-center -valign-default text\" style=\"\" ><div class=\"block-inside text-inside\"><ul>\n<li>Ho\u00e0n th\u00e0nh v\u00e0 n\u1ed9p <a href=\"https:\/\/forms.gle\/3abAqYfFTSLbrccj7\">M\u1eabu \u0111\u01a1n \u0111\u0103ng k\u00fd ch\u01b0\u01a1ng tr\u00ecnh \u0111\u00e0o t\u1ea1o qu\u1ea3n l\u00fd<\/a>.\n<br><\/li>\n<li>Sau khi FSA nh\u1eadn \u0111\u01b0\u1ee3c m\u1eabu \u0111\u0103ng k\u00fd \u0111\u00e3 ho\u00e0n t\u1ea5t, ch\u00fang t\u00f4i s\u1ebd theo d\u00f5i ti\u1ebfn \u0111\u1ed9 c\u1ee7a b\u1ea1n v\u00e0 g\u1eedi l\u1eddi nh\u1eafc khi kh\u00f3a \u0111\u00e0o t\u1ea1o Qu\u1ea3n l\u00fd ti\u1ebfp theo \u0111\u01b0\u1ee3c cung c\u1ea5p. <\/li>\n<\/ul><\/div><\/div>\n\n<div class=\"-type-manual block -width-default -halign-center -valign-default spacer\" style=\"--spacing: 4;\" ><div class=\"block-inside spacer-inside\"><\/div><\/div>\n\n<div class=\"-align-left -heading-medium -color-default -boldcolor-default -padding-none block -width-default -halign-center -valign-default heading\" style=\"\" ><div class=\"block-inside heading-inside\"><div role=\"heading\" aria-level=\"1\" data-search=\"What are the Trainings?\">C\u00e1c kh\u00f3a \u0111\u00e0o t\u1ea1o l\u00e0 g\u00ec?<\/div><\/div><\/div>\n\n<div class=\"-bullet-red -bullet -size-small -align-left block -width-default -halign-center -valign-default text\" style=\"\" ><div class=\"block-inside text-inside\"><p><strong>\u0110\u00e0o t\u1ea1o c\u1ed1t l\u00f5i:<\/strong>\n<br><\/p>\n<ul>\n<li>Ti\u00eau chu\u1ea9n ch\u1ea5t l\u01b0\u1ee3ng cho ch\u1ee9ng nh\u1eadn h\u1ed7 tr\u1ee3 v\u00e0 c\u1ee7ng c\u1ed1 gia \u0111\u00ecnh\n<br><\/li>\n<li>Gi\u1edbi thi\u1ec7u v\u1ec1 c\u00e1c y\u1ebfu t\u1ed1 b\u1ea3o v\u1ec7<\/li>\n<\/ul>\n<p><strong>\u0110\u00e0o t\u1ea1o qu\u1ea3n l\u00fd<\/strong>\n<br><\/p>\n<ul>\n<li>Qu\u1ea3n l\u00fd 101: Gi\u00e1m s\u00e1t trong D\u1ecbch v\u1ee5 X\u00e3 h\u1ed9i\n<br><\/li>\n<li>Qu\u1ea3n l\u00fd 102: Gi\u00e1m s\u00e1t ph\u1ea3n x\u1ea1\n<br><\/li>\n<li>Qu\u1ea3n l\u00fd 103: \u0110\u01b0a ra\/Nh\u1eadn ph\u1ea3n h\u1ed3i v\u00e0 c\u00f3 nh\u1eefng cu\u1ed9c tr\u00f2 chuy\u1ec7n kh\u00f3 kh\u0103n\n<br><\/li>\n<li>Qu\u1ea3n l\u00fd 104: \u0110\u1ed9ng l\u1ef1c quy\u1ec1n l\u1ef1c t\u1ea1i n\u01a1i l\u00e0m vi\u1ec7c<\/li>\n<\/ul><\/div><\/div>\n\n<div class=\"-type-manual block -width-default -halign-center -valign-default spacer\" style=\"--spacing: 4;\" ><div class=\"block-inside spacer-inside\"><\/div><\/div>\n\n<div class=\"-align-left -heading-medium -color-default -boldcolor-default -padding-none block -width-default -halign-center -valign-default heading\" style=\"\" ><div class=\"block-inside heading-inside\"><div role=\"heading\" aria-level=\"1\" data-search=\"When are the Trainings offered?\">Kh\u00f3a \u0111\u00e0o t\u1ea1o \u0111\u01b0\u1ee3c t\u1ed5 ch\u1ee9c khi n\u00e0o?<\/div><\/div><\/div>\n\n<div class=\"-bullet-red -bullet -size-small -align-left block -width-default -halign-center -valign-default text\" style=\"\" ><div class=\"block-inside text-inside\"><ul>\n<li>C\u00e1c kh\u00f3a \u0111\u00e0o t\u1ea1o \u0111\u01b0\u1ee3c cung c\u1ea5p trong su\u1ed1t c\u1ea3 n\u0103m. C\u00e1c kh\u00f3a \u0111\u00e0o t\u1ea1o s\u1eafp t\u1edbi c\u00f3 th\u1ec3 \u0111\u01b0\u1ee3c t\u00ecm th\u1ea5y tr\u00ean trang web c\u1ee7a ch\u00fang t\u00f4i.<\/li>\n<\/ul><\/div><\/div>\n\n\t<\/div>\n<\/div><\/div>\n\n<div class=\"-default -vpadding-large -hasbg -topborder-none block -width-default -halign-center -valign-default container\" style=\"--background: var(--color-subtle-gray);\" ><div class=\"block-inside container-inside\">\t\t<div class=\"container-blocks\">\n\t\t\n<div class=\"-bullet-purple -bullet -size-large -align-center block -width-default -halign-center -valign-default text\" style=\"\" ><div class=\"block-inside text-inside\"><p>N\u1ebfu b\u1ea1n c\u00f3 b\u1ea5t k\u1ef3 c\u00e2u h\u1ecfi n\u00e0o, vui l\u00f2ng g\u1eedi email cho Ricardo Eugenio t\u1ea1i <a href=\"\/vi\/ricardo.eugenio@safeandsound.org\/\">ricardo.eugenio@safeandsound.org<\/a>.<\/p><\/div><\/div>\n\n<div class=\"-type-manual block -width-default -halign-center -valign-default spacer\" style=\"--spacing: 2;\" ><div class=\"block-inside spacer-inside\"><\/div><\/div>\n\n<div class=\"-size-large block -width-default -halign-center -valign-default buttons\" style=\"\" ><div class=\"block-inside buttons-inside\"><a class=\"-button -color-purple\" href=\"https:\/\/sffamilyservicesalliance.org\/wp-content\/uploads\/2024\/10\/Management-Training-Program-FAQs.pdf\">T\u1ea3i xu\u1ed1ng C\u00e2u h\u1ecfi th\u01b0\u1eddng g\u1eb7p PDF<\/a><\/div><\/div>\n\n\t<\/div>\n<\/div><\/div>","protected":false},"excerpt":{"rendered":"","protected":false},"author":1,"featured_media":0,"parent":13716,"menu_order":0,"comment_status":"closed","ping_status":"closed","template":"","meta":{"_acf_changed":false,"footnotes":""},"class_list":["post-14232","page","type-page","status-publish","hentry"],"acf":[],"_links":{"self":[{"href":"https:\/\/sffamilyservicesalliance.org\/vi\/wp-json\/wp\/v2\/pages\/14232","targetHints":{"allow":["GET"]}}],"collection":[{"href":"https:\/\/sffamilyservicesalliance.org\/vi\/wp-json\/wp\/v2\/pages"}],"about":[{"href":"https:\/\/sffamilyservicesalliance.org\/vi\/wp-json\/wp\/v2\/types\/page"}],"author":[{"embeddable":true,"href":"https:\/\/sffamilyservicesalliance.org\/vi\/wp-json\/wp\/v2\/users\/1"}],"replies":[{"embeddable":true,"href":"https:\/\/sffamilyservicesalliance.org\/vi\/wp-json\/wp\/v2\/comments?post=14232"}],"version-history":[{"count":7,"href":"https:\/\/sffamilyservicesalliance.org\/vi\/wp-json\/wp\/v2\/pages\/14232\/revisions"}],"predecessor-version":[{"id":19968,"href":"https:\/\/sffamilyservicesalliance.org\/vi\/wp-json\/wp\/v2\/pages\/14232\/revisions\/19968"}],"up":[{"embeddable":true,"href":"https:\/\/sffamilyservicesalliance.org\/vi\/wp-json\/wp\/v2\/pages\/13716"}],"wp:attachment":[{"href":"https:\/\/sffamilyservicesalliance.org\/vi\/wp-json\/wp\/v2\/media?parent=14232"}],"curies":[{"name":"wp","href":"https:\/\/api.w.org\/{rel}","templated":true}]}}