{"id":13860,"date":"2024-09-23T11:50:04","date_gmt":"2024-09-23T18:50:04","guid":{"rendered":"https:\/\/sffamilyservicesalliance.org\/?page_id=13860"},"modified":"2026-03-05T17:48:35","modified_gmt":"2026-03-06T01:48:35","slug":"partner-spotlight","status":"publish","type":"page","link":"https:\/\/sffamilyservicesalliance.org\/vi\/partner-spotlight\/","title":{"rendered":"\u0110\u1ed1i t\u00e1c n\u1ed5i b\u1eadt"},"content":{"rendered":"<div class=\"-default -vpadding-large -topborder-none block -width-default -halign-center -valign-default container\" style=\"\" ><div class=\"block-inside container-inside\">\t\t<div class=\"container-blocks\">\n\t\t\n<div class=\"-columns -columns -columns-align-center -columns-2 -vpadding-none -topborder-none block -width-default -halign-center -valign-default container\" style=\"\" ><div class=\"block-inside container-inside\">\t\t<div class=\"container-blocks\">\n\t\t\n<div class=\"-default -vpadding-none -topborder-none block -width-default -halign-center -valign-default container\" style=\"\" ><div class=\"block-inside container-inside\">\t\t<div class=\"container-blocks\">\n\t\t\n<div class=\"-align-center -heading-large -color-red -boldcolor-default -padding-none block -width-default -halign-center -valign-default heading\" style=\"\" ><div class=\"block-inside heading-inside\"><div role=\"heading\" aria-level=\"1\" data-search=\"Partner Spotlight: Good Samaritan Family Resource Center\">Ti\u00eau \u0111i\u1ec3m \u0111\u1ed1i t\u00e1c:<br><span style=\"font-size: 0.9em;\"><strong>Trung t\u00e2m T\u00e0i nguy\u00ean Gia \u0111\u00ecnh Samaritan nh\u00e2n h\u1eadu<\/strong><\/span><\/div><\/div><\/div>\n\n<div class=\"-type-manual block -width-default -halign-center -valign-default spacer\" style=\"--spacing: 1;\" ><div class=\"block-inside spacer-inside\"><\/div><\/div>\n\n<div class=\"-align-center -heading-small -color-gray2 -boldcolor-default -padding-none block -width-default -halign-center -valign-default heading\" style=\"\" ><div class=\"block-inside heading-inside\"><div role=\"heading\" aria-level=\"1\" data-search=\"Strong families. Bright futures. For generations.\">Gia \u0111\u00ecnh v\u1eefng m\u1ea1nh. T\u01b0\u01a1ng lai t\u01b0\u01a1i s\u00e1ng. Cho nhi\u1ec1u th\u1ebf h\u1ec7.<\/div><\/div><\/div>\n\n\t<\/div>\n<\/div><\/div>\n\n<div class=\"-default -vpadding-none -topborder-none block -width-default -halign-center -valign-default container\" style=\"\" ><div class=\"block-inside container-inside\">\t\t<div class=\"container-blocks\">\n\t\t\n<div class=\"block -width-custom -halign-left -valign-default image\" style=\"--widget-max-width: 900px;\" ><div class=\"block-inside image-inside\"><figure><img loading=\"lazy\" decoding=\"async\" width=\"1080\" height=\"1080\" src=\"https:\/\/sffamilyservicesalliance.org\/wp-content\/uploads\/2026\/03\/Good-Sam_teen-promotores.png\" class=\"attachment-full size-full\" alt=\"\" srcset=\"https:\/\/sffamilyservicesalliance.org\/wp-content\/uploads\/2026\/03\/Good-Sam_teen-promotores.png 1080w, https:\/\/sffamilyservicesalliance.org\/wp-content\/uploads\/2026\/03\/Good-Sam_teen-promotores-300x300.png 300w, https:\/\/sffamilyservicesalliance.org\/wp-content\/uploads\/2026\/03\/Good-Sam_teen-promotores-1024x1024.png 1024w, https:\/\/sffamilyservicesalliance.org\/wp-content\/uploads\/2026\/03\/Good-Sam_teen-promotores-150x150.png 150w, https:\/\/sffamilyservicesalliance.org\/wp-content\/uploads\/2026\/03\/Good-Sam_teen-promotores-768x768.png 768w, https:\/\/sffamilyservicesalliance.org\/wp-content\/uploads\/2026\/03\/Good-Sam_teen-promotores-12x12.png 12w\" sizes=\"auto, (max-width: 1080px) 100vw, 1080px\" \/><figcaption>Jos\u00e9 v\u00e0 m\u1ed9t ng\u01b0\u1eddi b\u1ea1n c\u00f9ng l\u1edbp Teen Promotera t\u1ea1i tr\u01b0\u1eddng Trung h\u1ecdc Qu\u1ed1c t\u1ebf San Francisco.<\/figcaption><\/figure><\/div><\/div>\n\n\t<\/div>\n<\/div><\/div>\n\n\t<\/div>\n<\/div><\/div>\n\n\t<\/div>\n<\/div><\/div>\n\n<div class=\"-columns -columns -columns-align-top -columns-2 -vpadding-none -topborder-none block -width-default -halign-center -valign-default container\" style=\"\" ><div class=\"block-inside container-inside\">\t\t<div class=\"container-blocks\">\n\t\t\n<div class=\"-default -vpadding-none -topborder-none block -width-default -halign-center -valign-default container\" style=\"\" ><div class=\"block-inside container-inside\">\t\t<div class=\"container-blocks\">\n\t\t\n<div class=\"-bullet-red -bullet -size-small -align-left block -width-default -halign-center -valign-default text\" style=\"\" ><div class=\"block-inside text-inside\"><h2 aria-level=\"2\">T\u1ed5 ch\u1ee9c Good Samaritan h\u1ed7 tr\u1ee3 t\u1ea5t c\u1ea3 tr\u1ebb em, thanh thi\u1ebfu ni\u00ean d\u1ec5 b\u1ecb t\u1ed5n th\u01b0\u01a1ng v\u00e0 c\u00e1c gia \u0111\u00ecnh c\u00f3 thu nh\u1eadp th\u1ea5p tr\u00ean kh\u1eafp San Francisco, \u0111\u1eb7c bi\u1ec7t l\u00e0 c\u00e1c gia \u0111\u00ecnh nh\u1eadp c\u01b0 v\u00e0 m\u1edbi \u0111\u1ebfn. Ch\u00fang t\u00f4i c\u00f9ng nhau n\u1ed7 l\u1ef1c x\u00e2y d\u1ef1ng c\u00e1c k\u1ef9 n\u0103ng v\u00e0 ngu\u1ed3n l\u1ef1c c\u1ea7n thi\u1ebft \u0111\u1ec3 v\u01b0\u1ee3t qua ngh\u00e8o \u0111\u00f3i v\u00e0 t\u00ecnh tr\u1ea1ng di d\u1eddi, ph\u00e1t tri\u1ec3n kh\u1ea3 n\u0103ng t\u1ef1 l\u1eadp v\u00e0 tham gia \u0111\u1ea7y \u0111\u1ee7 v\u00e0o c\u1ed9ng \u0111\u1ed3ng m\u00e0 t\u1ea5t c\u1ea3 ch\u00fang ta c\u00f9ng chia s\u1ebb.\n<br><\/h2>\n<p><br>\nKhi Jos\u00e9 \u0111\u1ebfn Hoa K\u1ef3 v\u00e0o th\u00e1ng 10 n\u0103m 2023, anh \u1ea5y c\u1ea3m th\u1ea5y m\u00ecnh nh\u01b0 v\u00f4 h\u00ecnh.<\/p>\n<p>M\u1edbi ch\u1ec9 19 tu\u1ed5i, c\u1eadu \u0111\u00e3 b\u1ecf l\u1ea1i t\u1ea5t c\u1ea3 m\u1ecdi th\u1ee9 \u1edf Guanajuato, Mexico, nh\u00e0 c\u1eeda, tr\u01b0\u1eddng h\u1ecdc, b\u1ea1n b\u00e8. C\u1eadu b\u01b0\u1edbc v\u00e0o m\u1ed9t \u0111\u1ea5t n\u01b0\u1edbc m\u1edbi mang theo n\u1ed7i s\u1ee3 h\u00e3i, \u0111au bu\u1ed3n v\u00e0 c\u00e2u h\u1ecfi th\u1ea7m l\u1eb7ng m\u00e0 r\u1ea5t nhi\u1ec1u ng\u01b0\u1eddi nh\u1eadp c\u01b0 tr\u1ebb tu\u1ed5i \u0111\u1ec1u mang trong l\u00f2ng:<\/p>\n<p>T\u00f4i thu\u1ed9c v\u1ec1 n\u01a1i n\u00e0o?<\/p>\n<p>\u00d4ng \u0111\u00e3 t\u00ecm th\u1ea5y c\u00e2u tr\u1ea3 l\u1eddi t\u1ea1i Trung t\u00e2m Ngu\u1ed3n l\u1ef1c Gia \u0111\u00ecnh Good Samaritan (Good Sam) \u1edf San Francisco.<\/p>\n<p>Th\u00f4ng qua Ch\u01b0\u01a1ng tr\u00ecnh J\u00f3venes Promotores (Nh\u1eefng ng\u01b0\u1eddi tr\u1ebb th\u00fac \u0111\u1ea9y s\u1ef1 ph\u00e1t tri\u1ec3n) c\u1ee7a Good Sam, m\u1ed9t ph\u1ea7n trong c\u00e1ch ti\u1ebfp c\u1eadn hai th\u1ebf h\u1ec7 h\u1ed7 tr\u1ee3 c\u1ea3 thanh thi\u1ebfu ni\u00ean v\u00e0 gia \u0111\u00ecnh, Jos\u00e9 \u0111\u00e3 t\u00ecm th\u1ea5y kh\u00f4ng ch\u1ec9 s\u1ef1 h\u1ed7 tr\u1ee3 v\u1ec1 m\u1eb7t h\u1ecdc t\u1eadp. C\u1eadu \u1ea5y \u0111\u00e3 t\u00ecm th\u1ea5y m\u1ed9t c\u1ed9ng \u0111\u1ed3ng. C\u1eadu \u1ea5y \u0111\u00e3 t\u00ecm th\u1ea5y nh\u1eefng ng\u01b0\u1eddi c\u1ed1 v\u1ea5n hi\u1ec3u \u0111\u01b0\u1ee3c nh\u1eefng th\u00e1ch th\u1ee9c c\u1ee7a ng\u01b0\u1eddi m\u1edbi \u0111\u1ebfn. C\u1eadu \u1ea5y \u0111\u00e3 t\u00ecm th\u1ea5y m\u1ed9t kh\u00f4ng gian an to\u00e0n, \u0111\u1eadm b\u1ea3n s\u1eafc v\u0103n h\u00f3a \u0111\u01b0\u1ee3c thi\u1ebft k\u1ebf \u0111\u1ec3 gi\u00fap thanh thi\u1ebfu ni\u00ean nh\u1eadp c\u01b0 l\u00e3nh \u0111\u1ea1o, ph\u00e1t tri\u1ec3n v\u00e0 t\u1ea1o ra s\u1ef1 thay \u0111\u1ed5i trong c\u1ed9ng \u0111\u1ed3ng c\u1ee7a h\u1ecd.<\/p>\n<p>\u201cKhi \u0111\u1ebfn \u0111\u1ea5t n\u01b0\u1edbc n\u00e0y, t\u00f4i kh\u00f4ng c\u1ea3m th\u1ea5y m\u00ecnh thu\u1ed9c v\u1ec1 m\u1ed9t c\u1ed9ng \u0111\u1ed3ng n\u00e0o. Trong ch\u01b0\u01a1ng tr\u00ecnh n\u00e0y, t\u00f4i \u0111\u00e3 t\u00ecm th\u1ea5y nh\u1eefng ng\u01b0\u1eddi n\u00f3i ti\u1ebfng T\u00e2y Ban Nha gi\u1ed1ng nh\u01b0 t\u00f4i. T\u00f4i l\u1ea1i c\u1ea3m th\u1ea5y m\u00ecnh l\u00e0 m\u1ed9t ph\u1ea7n c\u1ee7a \u0111i\u1ec1u g\u00ec \u0111\u00f3,\u201d Jos\u00e9 chia s\u1ebb.<\/p><\/div><\/div>\n\n<div class=\"-type-manual block -width-default -halign-center -valign-default spacer\" style=\"--spacing: 6;\" ><div class=\"block-inside spacer-inside\"><\/div><\/div>\n\n\t<\/div>\n<\/div><\/div>\n\n<div class=\"-default -vpadding-none -topborder-none block -width-default -halign-center -valign-default container\" style=\"\" ><div class=\"block-inside container-inside\">\t\t<div class=\"container-blocks\">\n\t\t\n<div class=\"-bullet-red -bullet -size-small -align-left block -width-default -halign-center -valign-default text\" style=\"\" ><div class=\"block-inside text-inside\"><p>T\u1ea1i Good Sam, nh\u1eefng b\u1ea1n tr\u1ebb nh\u01b0 Jos\u00e9 \u0111\u01b0\u1ee3c tham gia c\u00e1c ho\u1ea1t \u0111\u1ed9ng ph\u00e1t tri\u1ec3n k\u1ef9 n\u0103ng l\u00e3nh \u0111\u1ea1o, c\u00f3 c\u01a1 h\u1ed9i \u0111\u01b0\u1ee3c b\u1ea1n b\u00e8 h\u01b0\u1edbng d\u1eabn, \u0111\u01b0\u1ee3c h\u1ed7 tr\u1ee3 v\u1ec1 h\u1ecdc t\u1eadp v\u00e0 c\u1ea3m x\u00fac x\u00e3 h\u1ed9i \u2014 t\u1ea5t c\u1ea3 \u0111\u1ec1u d\u1ef1a tr\u00ean ph\u1ea9m gi\u00e1, s\u1ef1 g\u1eafn k\u1ebft v\u00e0 ni\u1ec1m t\u1ef1 h\u00e0o v\u0103n h\u00f3a. Ch\u01b0\u01a1ng tr\u00ecnh \u0111\u00e1p \u1ee9ng nhu c\u1ea7u c\u1ee7a c\u00e1c b\u1ea1n tr\u1ebb, t\u00f4n tr\u1ecdng ng\u00f4n ng\u1eef, b\u1ea3n s\u1eafc v\u00e0 kinh nghi\u1ec7m s\u1ed1ng c\u1ee7a h\u1ecd.<\/p>\n<p>Ng\u00e0y nay, Jos\u00e9 kh\u00f4ng ch\u1ec9 c\u00f2n c\u1ed1 g\u1eafng \u0111\u1ec3 t\u1ed3n t\u1ea1i n\u1eefa. Anh \u1ea5y \u0111ang gi\u00fap \u0111\u1ee1 ng\u01b0\u1eddi kh\u00e1c ph\u00e1t tri\u1ec3n.<\/p>\n<p>Hai l\u1ea7n m\u1ed9t tu\u1ea7n, b\u1ea1n c\u00f3 th\u1ec3 th\u1ea5y anh \u1ea5y \u1edf tr\u01b0\u1eddng Trung h\u1ecdc Qu\u1ed1c t\u1ebf San Francisco, c\u00f9ng \u0103n c\u01a1m v\u1edbi c\u00e1c b\u1ea1n c\u00f9ng l\u1edbp, gi\u00fap \u0111\u1ee1 l\u00e0m b\u00e0i t\u1eadp, l\u1eafng nghe nh\u1eefng lo l\u1eafng c\u1ee7a h\u1ecd v\u00e0 nh\u1eafc nh\u1edf h\u1ecd r\u1eb1ng h\u1ecd kh\u00f4ng \u0111\u01a1n \u0111\u1ed9c \u2014 \u0111\u1eb7c bi\u1ec7t l\u00e0 khi \u0111\u1ed1i m\u1eb7t v\u1edbi nh\u1eefng n\u1ed7i s\u1ee3 h\u00e3i m\u00e0 anh \u1ea5y t\u1eebng tr\u1ea3i qua.<\/p>\n<p>\u201cTr\u1edf th\u00e0nh ng\u01b0\u1eddi qu\u1ea3ng b\u00e1 c\u00f3 ngh\u0129a l\u00e0 gi\u00fap \u0111\u1ee1 c\u1ed9ng \u0111\u1ed3ng c\u1ee7a b\u1ea1n. \u0110i\u1ec1u \u0111\u00f3 c\u00f3 ngh\u0129a l\u00e0 d\u00e0nh th\u1eddi gian t\u1eeb tr\u00e1i tim, kh\u00f4ng ch\u1ec9 cho b\u1ea3n th\u00e2n m\u00e0 c\u00f2n \u0111\u1ec3 gi\u00fap m\u1ecdi ng\u01b0\u1eddi c\u00f9ng nhau ti\u1ebfn v\u1ec1 ph\u00eda tr\u01b0\u1edbc,\u201d anh \u1ea5y n\u00f3i.<\/p>\n<p>S\u1ef1 chuy\u1ec3n bi\u1ebfn c\u1ee7a Jos\u00e9 kh\u00f4ng ph\u1ea3i l\u00e0 ng\u1eabu nhi\u00ean. N\u00f3 x\u1ea3y ra b\u1edfi v\u00ec c\u00f3 m\u1ed9t kh\u00f4ng gian an to\u00e0n, \u1ea5m \u00e1p \u0111ang ch\u1edd \u0111\u1ee3i anh \u1ea5y khi anh \u1ea5y c\u1ea7n nh\u1ea5t \u2014 m\u1ed9t n\u01a1i m\u00e0 anh \u1ea5y c\u00f3 th\u1ec3 d\u1ec5 d\u00e0ng chuy\u1ec3n \u0111\u1ed5i gi\u1eefa ti\u1ebfng Anh v\u00e0 ti\u1ebfng T\u00e2y Ban Nha, k\u1ebft n\u1ed1i v\u1edbi nh\u1eefng ng\u01b0\u1eddi b\u1ea1n \u0111\u1ed3ng trang l\u1ee9a hi\u1ec3u \u0111\u01b0\u1ee3c h\u00e0nh tr\u00ecnh c\u1ee7a anh \u1ea5y, v\u00e0 kh\u00e1m ph\u00e1 ra r\u1eb1ng ti\u1ebfng n\u00f3i c\u1ee7a anh \u1ea5y c\u00f3 \u00fd ngh\u0129a.<\/p>\n<p>T\u1ea1i Good Sam, nh\u1eefng thanh thi\u1ebfu ni\u00ean m\u1edbi \u0111\u1ebfn kh\u00f4ng ch\u1ec9 nh\u1eadn \u0111\u01b0\u1ee3c s\u1ef1 h\u1ed7 tr\u1ee3.<\/p>\n<p>H\u1ecd tr\u1edf th\u00e0nh nh\u1eefng ng\u01b0\u1eddi l\u00e3nh \u0111\u1ea1o.<\/p><\/div><\/div>\n\n<div class=\"-type-manual block -width-default -halign-center -valign-default spacer\" style=\"--spacing: 6;\" ><div class=\"block-inside spacer-inside\"><\/div><\/div>\n\n\t<\/div>\n<\/div><\/div>\n\n\t<\/div>\n<\/div><\/div>\n\n<div class=\"-default -vpadding-large -hasbg -topborder-none block -width-default -halign-center -valign-default container\" style=\"--background: var(--color-subtle-gray);\" ><div class=\"block-inside container-inside\">\t\t<div class=\"container-blocks\">\n\t\t\n<div class=\"-columns -columns -columns-align-center -columns-2 -vpadding-none -topborder-none block -width-default -halign-center -valign-default container\" style=\"\" ><div class=\"block-inside container-inside\">\t\t<div class=\"container-blocks\">\n\t\t\n<div class=\"-default -vpadding-none -topborder-none block -width-default -halign-center -valign-default container\" style=\"\" ><div class=\"block-inside container-inside\">\t\t<div class=\"container-blocks\">\n\t\t\n<div class=\"-bullet-red -bullet -size-small -align-left block -width-default -halign-center -valign-default text\" style=\"\" ><div class=\"block-inside text-inside\"><p><strong>\u0110\u1ec3 bi\u1ebft th\u00eam th\u00f4ng tin v\u1ec1 Trung t\u00e2m Ngu\u1ed3n l\u1ef1c Gia \u0111\u00ecnh Good Samaritan:<\/strong><\/p>\n<ul>\n<li>E-mail  <a href=\"mailto:info@goodsamfrc.org\">info@goodsamfrc.org<\/a>\n<br><\/li>\n<li>G\u1ecdi <a href=\"tel:415-401-4253\">415-401-4253<\/a>\n<br><\/li>\n<li>Th\u0103m nom <a href=\"https:\/\/goodsamfrc.org\/\">Trang web c\u1ee7a Good Samartitan FRC<\/a><\/li>\n<\/ul><\/div><\/div>\n\n\t<\/div>\n<\/div><\/div>\n\n<div class=\"-default -vpadding-none -topborder-none block -width-default -halign-center -valign-default container\" style=\"\" ><div class=\"block-inside container-inside\">\t\t<div class=\"container-blocks\">\n\t\t\n<div class=\"block -width-default -halign-center -valign-default quote\" style=\"\" ><div class=\"block-inside quote-inside\"><blockquote><p>L\u00e0 m\u1ed9t gia \u0111\u00ecnh m\u1edbi \u0111\u1ebfn, ch\u00fang t\u00f4i kh\u00f4ng bi\u1ebft ph\u1ea3i chu\u1ea9n b\u1ecb th\u1ebf n\u00e0o cho con v\u00e0o m\u1eabu gi\u00e1o, v\u00e0 t\u00f4i c\u1ea3m th\u1ea5y lo l\u1eafng khi \u0111\u1ec3 con \u1edf nh\u00e0 m\u1ed9t m\u00ecnh m\u00e0 kh\u00f4ng c\u00f3 ng\u01b0\u1eddi th\u00e2n \u0111i c\u00f9ng. Nh\u01b0ng ngay t\u1eeb khi \u0111\u1ebfn th\u0103m tr\u01b0\u1eddng, t\u00f4i \u0111\u00e3 c\u1ea3m nh\u1eadn \u0111\u01b0\u1ee3c s\u1ef1 \u1ea5m \u00e1p c\u1ee7a c\u00e1c th\u1ea7y c\u00f4 gi\u00e1o v\u00e0 t\u00ecnh y\u00eau th\u01b0\u01a1ng trong l\u1edbp h\u1ecdc. T\u00f4i bi\u1ebft con t\u00f4i s\u1ebd ph\u00e1t tri\u1ec3n t\u1ed1t \u1edf \u0111\u00e2y, v\u00e0 ch\u00fang t\u00f4i m\u00e3i m\u00e3i bi\u1ebft \u01a1n v\u00ec s\u1ef1 ch\u0103m s\u00f3c v\u00e0 nu\u00f4i d\u01b0\u1ee1ng tuy\u1ec7t v\u1eddi \u0111\u00e3 mang \u0111\u1ebfn cho con t\u00f4i m\u1ed9t kh\u1edfi \u0111\u1ea7u \u0111\u1ea7y hy v\u1ecdng \u1edf tr\u01b0\u1eddng.<\/p>\n<p>\u2014 Juan Ibarra, cha c\u1ee7a Isaac (4)\n<br>\nTrung t\u00e2m Ph\u00e1t tri\u1ec3n Tr\u1ebb em M\u1ea7m non<\/p><\/blockquote><\/div><\/div>\n\n\t<\/div>\n<\/div><\/div>\n\n\t<\/div>\n<\/div><\/div>\n\n\t<\/div>\n<\/div><\/div>","protected":false},"excerpt":{"rendered":"","protected":false},"author":1,"featured_media":0,"parent":0,"menu_order":0,"comment_status":"closed","ping_status":"closed","template":"","meta":{"_acf_changed":false,"footnotes":""},"class_list":["post-13860","page","type-page","status-publish","hentry"],"acf":[],"_links":{"self":[{"href":"https:\/\/sffamilyservicesalliance.org\/vi\/wp-json\/wp\/v2\/pages\/13860","targetHints":{"allow":["GET"]}}],"collection":[{"href":"https:\/\/sffamilyservicesalliance.org\/vi\/wp-json\/wp\/v2\/pages"}],"about":[{"href":"https:\/\/sffamilyservicesalliance.org\/vi\/wp-json\/wp\/v2\/types\/page"}],"author":[{"embeddable":true,"href":"https:\/\/sffamilyservicesalliance.org\/vi\/wp-json\/wp\/v2\/users\/1"}],"replies":[{"embeddable":true,"href":"https:\/\/sffamilyservicesalliance.org\/vi\/wp-json\/wp\/v2\/comments?post=13860"}],"version-history":[{"count":84,"href":"https:\/\/sffamilyservicesalliance.org\/vi\/wp-json\/wp\/v2\/pages\/13860\/revisions"}],"predecessor-version":[{"id":20053,"href":"https:\/\/sffamilyservicesalliance.org\/vi\/wp-json\/wp\/v2\/pages\/13860\/revisions\/20053"}],"wp:attachment":[{"href":"https:\/\/sffamilyservicesalliance.org\/vi\/wp-json\/wp\/v2\/media?parent=13860"}],"curies":[{"name":"wp","href":"https:\/\/api.w.org\/{rel}","templated":true}]}}