{"id":13726,"date":"2024-09-18T15:13:08","date_gmt":"2024-09-18T22:13:08","guid":{"rendered":"https:\/\/fsa.safeandsound.pikalabs.dev\/?page_id=13726"},"modified":"2026-05-06T11:12:27","modified_gmt":"2026-05-06T18:12:27","slug":"advocacy-and-policy","status":"publish","type":"page","link":"https:\/\/sffamilyservicesalliance.org\/vi\/advocacy-and-policy\/","title":{"rendered":"V\u1eadn \u0111\u1ed9ng &amp; Ch\u00ednh s\u00e1ch"},"content":{"rendered":"<div class=\"-pageheader-divider block -width-default -halign-center -valign-default container\" style=\"\" ><div class=\"block-inside container-inside\"><div class=\"block -width-default -halign-center -valign-default pageheader\" style=\"\" ><div class=\"block-inside pageheader-inside\"><h1 class=\"pageheader-heading\" role=\"heading\" aria-level=\"1\" data-search=\"Advocacy &amp; Policy\">V\u1eadn \u0111\u1ed9ng &amp; Ch\u00ednh s\u00e1ch<\/h1><div class=\"pageheader-subheading\"><p>Family Services Alliance (FSA) s\u1eed d\u1ee5ng ti\u1ebfng n\u00f3i t\u1eadp th\u1ec3 c\u1ee7a m\u00ecnh \u0111\u1ec3 v\u1eadn \u0111\u1ed9ng \u1edf c\u1ea5p \u0111\u1ecba ph\u01b0\u01a1ng, c\u1ea5p ti\u1ec3u bang v\u00e0 c\u1ea5p qu\u1ed1c gia v\u1ec1 c\u00e1c v\u1ea5n \u0111\u1ec1 \u1ea3nh h\u01b0\u1edfng \u0111\u1ebfn tr\u1ebb em v\u00e0 gia \u0111\u00ecnh c\u0169ng nh\u01b0 c\u00e1c t\u1ed5 ch\u1ee9c h\u1ed7 tr\u1ee3 h\u1ecd.<\/p><\/div><\/div><\/div><\/div><\/div>\n\n<div class=\"-default -vpadding-large -topborder-none block -width-default -halign-center -valign-default container\" style=\"\" ><div class=\"block-inside container-inside\">\t\t<div class=\"container-blocks\">\n\t\t\n<div class=\"-align-center -heading-large -color-red -boldcolor-default -padding-none block -width-default -halign-center -valign-default heading\" style=\"\" id=\"advocacy-in-action\"><div class=\"block-inside heading-inside\"><div role=\"heading\" aria-level=\"1\" data-search=\"Advocacy in Action\">V\u1eadn \u0111\u1ed9ng ch\u00ednh s\u00e1ch trong h\u00e0nh \u0111\u1ed9ng<\/div><\/div><\/div>\n\n<div class=\"block -width-default -halign-center -valign-default postlist\" style=\"\" ><div class=\"block-inside postlist-inside\"><div class=\"postlist-posts\">\t\t<div class=\"post\">\n\t\t\t\t<div class=\"post-date\">Th\u00e1ng 4 n\u0103m 2026<\/div>\n\t\t\t<h2 class=\"post-title\"><a href=\"https:\/\/www.chapinhall.org\/project\/policy-toolkit-advancing-effective-policy-on-economic-and-concrete-supports\/\">B\u1ed9 c\u00f4ng c\u1ee5 ch\u00ednh s\u00e1ch: Th\u00fac \u0111\u1ea9y ch\u00ednh s\u00e1ch hi\u1ec7u qu\u1ea3 v\u1ec1 h\u1ed7 tr\u1ee3 kinh t\u1ebf v\u00e0 c\u1ee5 th\u1ec3<\/a><\/h2>\n\t\t\t<!--<div class=\"post-author\"><\/div>-->\n\t\t\t<div class=\"post-excerpt\">\n\t\t\tChapin Hall \u0111\u00e3 bi\u00ean so\u1ea1n m\u1ed9t b\u1ed9 c\u00f4ng c\u1ee5 ch\u00ednh s\u00e1ch \u0111\u1ec3 v\u1eadn \u0111\u1ed9ng cho c\u00e1c ch\u00ednh s\u00e1ch c\u1ea5p ti\u1ec3u bang v\u00e0 li\u00ean bang v\u1ec1 h\u1ed7 tr\u1ee3 kinh t\u1ebf v\u00e0 v\u1eadt ch\u1ea5t. B\u1ed9 c\u00f4ng c\u1ee5 n\u00e0y bao g\u1ed3m c\u00e1c b\u1eb1ng ch\u1ee9ng hi\u1ec7n t\u1ea1i cho th\u1ea5y t\u00e1c \u0111\u1ed9ng c\u1ee7a s\u1ef1 b\u1ea5t \u1ed5n kinh t\u1ebf \u0111\u1ed1i v\u1edbi vi\u1ec7c ng\u01b0\u1ee3c \u0111\u00e3i tr\u1ebb em v\u00e0 t\u00e1c \u0111\u1ed9ng t\u00edch c\u1ef1c c\u1ee7a c\u00e1c ch\u00ednh s\u00e1ch nh\u1eb1m gi\u1ea3m thi\u1ec3u s\u1ef1 b\u1ea5t \u1ed5n kinh t\u1ebf cho c\u00e1c gia \u0111\u00ecnh. \u2026\t\t\t<\/div>\n\t\t<\/div>\n\t\t\t\t<div class=\"post\">\n\t\t\t\t<div class=\"post-date\">Th\u00e1ng 6 n\u0103m 2025<\/div>\n\t\t\t<h2 class=\"post-title\"><a href=\"https:\/\/safeandsound.org\/blog\/generating-concrete-strategies-to-better-support-local-youth-at-risk-of-cse\/\">B\u00e1o c\u00e1o m\u1edbi: H\u1ed7 tr\u1ee3 thanh thi\u1ebfu ni\u00ean m\u1ea5t k\u1ebft n\u1ed1i c\u00f3 nguy c\u01a1<\/a><\/h2>\n\t\t\t<!--<div class=\"post-author\"><\/div>-->\n\t\t\t<div class=\"post-excerpt\">\n\t\t\tNh\u1eefng thanh thi\u1ebfu ni\u00ean b\u1ecb t\u00e1ch kh\u1ecfi h\u1ec7 th\u1ed1ng ph\u00fac l\u1ee3i tr\u1ebb em v\u00e0 t\u01b0 ph\u00e1p v\u1ecb th\u00e0nh ni\u00ean ph\u1ea3i \u0111\u1ed1i m\u1eb7t v\u1edbi nguy c\u01a1 b\u1ecb b\u00f3c l\u1ed9t cao, \u0111\u1eb7c bi\u1ec7t l\u00e0 b\u00f3c l\u1ed9t t\u00ecnh d\u1ee5c th\u01b0\u01a1ng m\u1ea1i, th\u01b0\u1eddng ch\u1ec9 trong v\u00f2ng 48 gi\u1edd sau khi ra \u0111\u01b0\u1eddng. \u0110\u1ec3 \u1ee9ng ph\u00f3, c\u00e1c nh\u00e0 cung c\u1ea5p d\u1ecbch v\u1ee5 Bay Area \u0111\u00e3 h\u1ecdp v\u00e0o th\u00e1ng 10 n\u0103m 2023 \u0111\u1ec3 x\u00e2y d\u1ef1ng c\u00e1c chi\u1ebfn l\u01b0\u1ee3c \u0111\u1ecba ph\u01b0\u01a1ng nh\u1eb1m h\u1ed7 tr\u1ee3 nh\u1eefng thanh thi\u1ebfu ni\u00ean d\u1ec5 b\u1ecb t\u1ed5n th\u01b0\u01a1ng n\u00e0y, \u0111\u01b0a ra b\u1ea3y khuy\u1ebfn ngh\u1ecb ch\u00ednh d\u1ef1a tr\u00ean kinh nghi\u1ec7m s\u1ed1ng. B\u00e1o c\u00e1o m\u1edbi n\u00e0y n\u00eau r\u00f5 c\u00e1c khuy\u1ebfn ngh\u1ecb n\u00e0y, ti\u1ebfn \u0111\u1ed9 \u0111\u1ea1t \u0111\u01b0\u1ee3c v\u00e0 c\u00e1c b\u01b0\u1edbc ti\u1ebfp theo \u0111\u1ec3 thi\u1ebft l\u1eadp m\u1ed9t h\u1ec7 th\u1ed1ng h\u1ed7 tr\u1ee3 t\u1eadp trung h\u01a1n v\u00e0o thanh thi\u1ebfu ni\u00ean. H\u00e3y xem b\u00e1o c\u00e1o \u0111\u1ea7y \u0111\u1ee7 tr\u1ef1c tuy\u1ebfn \u0111\u1ec3 t\u00ecm hi\u1ec3u c\u00e1ch b\u1ea1n c\u00f3 th\u1ec3 gi\u00fap th\u00fac \u0111\u1ea9y nh\u1eefng n\u1ed7 l\u1ef1c n\u00e0y.\t\t\t<\/div>\n\t\t<\/div>\n\t\t\t\t<div class=\"post\">\n\t\t\t\t<div class=\"post-date\">Th\u00e1ng 5 n\u0103m 2025<\/div>\n\t\t\t<h2 class=\"post-title\"><a href=\"https:\/\/safeandsound.us11.list-manage.com\/track\/click?u=5df75cb14c3cdf5af34c3c855&#038;id=c5d0d5d097&#038;e=218a8d83e3\">Kinh t\u1ebf h\u1ecdc v\u1ec1 l\u1ea1m d\u1ee5ng tr\u1ebb em<\/a><\/h2>\n\t\t\t<!--<div class=\"post-author\"><\/div>-->\n\t\t\t<div class=\"post-excerpt\">\n\t\t\tN\u1ebfu b\u1ea1n mu\u1ed1n t\u00ecm hi\u1ec3u th\u00eam v\u1ec1 chi ph\u00ed do l\u1ea1m d\u1ee5ng v\u00e0 b\u1ecf b\u00ea tr\u1ebb em g\u00e2y ra \u1edf California, Safe &amp; Sound \u0111\u00e3 c\u00f4ng b\u1ed1 b\u00e1o c\u00e1o th\u01b0\u1eddng ni\u00ean mang t\u00ednh b\u01b0\u1edbc ngo\u1eb7t, cho th\u1ea5y l\u1ea1m d\u1ee5ng v\u00e0 b\u1ecf b\u00ea tr\u1ebb em \u0111\u00e3 g\u00e2y thi\u1ec7t h\u1ea1i cho California h\u01a1n $16 t\u1ef7 \u0111\u00f4 la v\u00e0o n\u0103m 2024. \u0110i\u1ec1u n\u00e0y th\u1ec3 hi\u1ec7n h\u00e0ng ngh\u00ecn c\u01a1 h\u1ed9i ph\u00f2ng ng\u1eeba b\u1ecb b\u1ecf l\u1ee1. H\u00e3y s\u1eed d\u1ee5ng d\u1eef li\u1ec7u t\u1eeb b\u00e1o c\u00e1o n\u00e0y \u0111\u1ec3 so s\u00e1nh t\u00ecnh h\u00ecnh \u1edf qu\u1eadn c\u1ee7a b\u1ea1n v\u1edbi c\u00e1c khu v\u1ef1c kh\u00e1c c\u1ee7a California, t\u1eeb \u0111\u00f3 c\u1ee7ng c\u1ed1 th\u00eam nhu c\u1ea7u v\u1ec1 c\u00e1c d\u1ecbch v\u1ee5 ph\u00f2ng ng\u1eeba t\u1ed1t h\u01a1n. \u2026\t\t\t<\/div>\n\t\t<\/div>\n\t\t\t\t<div class=\"post\">\n\t\t\t\t<div class=\"post-date\">Th\u00e1ng 2 n\u0103m 2025<\/div>\n\t\t\t<h2 class=\"post-title\"><a href=\"https:\/\/safeandsound.org\/wp-content\/uploads\/2025\/02\/FVC-Report_FINAL-2024-1.pdf\">B\u00e1o c\u00e1o m\u1edbi c\u1ee7a H\u1ed9i \u0111\u1ed3ng v\u1ec1 b\u1ea1o l\u1ef1c gia \u0111\u00ecnh th\u00f4ng b\u00e1o v\u1ec1 vi\u1ec7c \u0111\u1ea7u t\u01b0 v\u00e0o h\u1ed7 tr\u1ee3 gia \u0111\u00ecnh<\/a><\/h2>\n\t\t\t<!--<div class=\"post-author\"><\/div>-->\n\t\t\t<div class=\"post-excerpt\">\n\t\t\tB\u00e1o c\u00e1o n\u0103m t\u00e0i ch\u00ednh 2022-2023, thu th\u1eadp d\u1eef li\u1ec7u t\u1eeb h\u01a1n 10 c\u01a1 quan th\u00e0nh ph\u1ed1 v\u00e0 27 t\u1ed5 ch\u1ee9c c\u1ed9ng \u0111\u1ed3ng, cung c\u1ea5p c\u00e1i nh\u00ecn s\u00e2u s\u1eafc v\u1ec1 b\u1ea1o l\u1ef1c gia \u0111\u00ecnh \u1edf San Francisco. B\u00e1o c\u00e1o bao g\u1ed3m d\u1eef li\u1ec7u v\u1ec1 vai tr\u00f2 c\u1ee7a S\u00e1ng ki\u1ebfn Trung t\u00e2m T\u00e0i nguy\u00ean Gia \u0111\u00ecnh SF trong vi\u1ec7c ng\u0103n ng\u1eeba l\u1ea1m d\u1ee5ng v\u00e0 b\u1ecf b\u00ea tr\u1ebb em. M\u1ed9t trong n\u0103m khuy\u1ebfn ngh\u1ecb l\u00e0 \u2019c\u1ea3i thi\u1ec7n v\u00e0\/ho\u1eb7c duy tr\u00ec kh\u1ea3 n\u0103ng ti\u1ebfp c\u1eadn c\u00e1c nhu c\u1ea7u c\u01a1 b\u1ea3n v\u00e0 kh\u1ea9n c\u1ea5p \u0111\u1ec3 gi\u1eef an to\u00e0n cho c\u00e1c nh\u00f3m d\u00e2n c\u01b0 d\u1ec5 b\u1ecb t\u1ed5n th\u01b0\u01a1ng nh\u1ea5t c\u1ee7a th\u00e0nh ph\u1ed1 v\u00e0 gi\u00fap ng\u0103n ng\u1eeba b\u1ea1o l\u1ef1c gia \u0111\u00ecnh\u2018, m\u1ed9t y\u1ebfu t\u1ed1 thi\u1ebft y\u1ebfu trong c\u00f4ng vi\u1ec7c c\u1ee7a c\u00e1c t\u1ed5 ch\u1ee9c h\u1ed7 tr\u1ee3 gia \u0111\u00ecnh. Ba ch\u1ee7 t\u1ecbch c\u1ee7a FVC v\u00e0 \u0111\u1ea1i di\u1ec7n t\u1eeb MOVR \u0111\u00e3 g\u1eb7p g\u1ee1 c\u00e1c th\u00e0nh vi\u00ean c\u1ee7a H\u1ed9i \u0111\u1ed3ng Gi\u00e1m s\u00e1t c\u0169ng nh\u01b0 V\u0103n ph\u00f2ng Th\u1ecb tr\u01b0\u1edfng \u0111\u1ec3 v\u1eadn \u0111\u1ed9ng cho c\u00e1c \u01b0u ti\u00ean c\u1ee7a FVC, bao g\u1ed3m vi\u1ec7c \u0111\u1ea3m b\u1ea3o th\u00e0nh ph\u1ed1 duy tr\u00ec c\u00e1c d\u1ecbch v\u1ee5 hi\u1ec7n c\u00f3 \u0111\u1ec3 ng\u0103n ng\u1eeba b\u1ea1o l\u1ef1c gia \u0111\u00ecnh. \u2026\t\t\t<\/div>\n\t\t<\/div>\n\t\t\t\t<div class=\"post\">\n\t\t\t\t<div class=\"post-date\">Th\u00e1ng 9 n\u0103m 2024<\/div>\n\t\t\t<h2 class=\"post-title\"><a href=\"https:\/\/www.caltrin.org\/wp-content\/uploads\/2024\/08\/MRCS-Task-Force-Report-for-09-04-24.pdf\">Chuy\u1ec3n t\u1eeb gia \u0111\u00ecnh b\u00e1o c\u00e1o sang gia \u0111\u00ecnh h\u1ed7 tr\u1ee3<\/a><\/h2>\n\t\t\t<!--<div class=\"post-author\"><\/div>-->\n\t\t\t<div class=\"post-excerpt\">\n\t\t\tB\u00e1o c\u00e1o n\u00e0y cung c\u1ea5p d\u1eef li\u1ec7u v\u00e0 khuy\u1ebfn ngh\u1ecb \u0111\u1ec3 chuy\u1ec3n t\u1eeb gia \u0111\u00ecnh b\u00e1o c\u00e1o sang gia \u0111\u00ecnh h\u1ed7 tr\u1ee3.\t\t\t<\/div>\n\t\t<\/div>\n\t\t<\/div><\/div><\/div>\n\n\t<\/div>\n<\/div><\/div>\n\n<div class=\"-default -vpadding-large -topborder-none block -width-default -halign-center -valign-default -block-disabled container\" style=\"\" ><div class=\"block-inside container-inside\">\t\t<div class=\"container-blocks\">\n\t\t\n<div class=\"-align-center -heading-large -color-red -boldcolor-default -padding-none block -width-default -halign-center -valign-default heading\" style=\"\" ><div class=\"block-inside heading-inside\"><div role=\"heading\" aria-level=\"1\" data-search=\"Opportunities to Take\u00a0Action\">C\u01a1 h\u1ed9i \u0111\u1ec3 <strong>H\u00e3y h\u00e0nh \u0111\u1ed9ng<\/strong><\/div><\/div><\/div>\n\n<div class=\"-bullet-red -bullet -size-large -align-center block -width-default -halign-center -valign-default text\" style=\"\" ><div class=\"block-inside text-inside\"><p>Trong su\u1ed1t c\u1ea3 n\u0103m, c\u00f3 nhi\u1ec1u c\u01a1 h\u1ed9i cho c\u00e1c th\u00e0nh vi\u00ean, c\u1ed9ng \u0111\u1ed3ng v\u00e0 gia \u0111\u00ecnh l\u00ean ti\u1ebfng chung \u0111\u1ec3 gi\u00e1o d\u1ee5c v\u00e0 k\u00edch ho\u1ea1t c\u00e1c nh\u00e0 ho\u1ea1ch \u0111\u1ecbnh ch\u00ednh s\u00e1ch v\u1ec1 nh\u1eefng g\u00ec tr\u1ebb em v\u00e0 gia \u0111\u00ecnh c\u1ea7n \u0111\u1ec3 ph\u00e1t tri\u1ec3n. C\u00e1c c\u01a1 h\u1ed9i hi\u1ec7n t\u1ea1i \u0111\u1ec3 h\u00e0nh \u0111\u1ed9ng v\u1edbi FSA:<\/p><\/div><\/div>\n\n<div class=\"-type-manual block -width-default -halign-center -valign-default spacer\" style=\"--spacing: 2;\" ><div class=\"block-inside spacer-inside\"><\/div><\/div>\n\n<div class=\"-columns -columns -columns-align-top -columns-2 -vpadding-none -topborder-none block -width-default -halign-center -valign-default container\" style=\"\" ><div class=\"block-inside container-inside\">\t\t<div class=\"container-blocks\">\n\t\t\n<div class=\"-default -vpadding-none -topborder-none block -width-default -halign-center -valign-default container\" style=\"\" ><div class=\"block-inside container-inside\">\t\t<div class=\"container-blocks\">\n\t\t\n<div class=\"block -width-default -halign-center -valign-default image\" style=\"\" ><div class=\"block-inside image-inside\"><figure><img loading=\"lazy\" decoding=\"async\" width=\"2560\" height=\"1707\" src=\"https:\/\/sffamilyservicesalliance.org\/wp-content\/uploads\/2024\/09\/planting-day-at-family-connections_53332397648_o-scaled.jpg\" class=\"attachment-full size-full\" alt=\"\" srcset=\"https:\/\/sffamilyservicesalliance.org\/wp-content\/uploads\/2024\/09\/planting-day-at-family-connections_53332397648_o-scaled.jpg 2560w, https:\/\/sffamilyservicesalliance.org\/wp-content\/uploads\/2024\/09\/planting-day-at-family-connections_53332397648_o-300x200.jpg 300w, https:\/\/sffamilyservicesalliance.org\/wp-content\/uploads\/2024\/09\/planting-day-at-family-connections_53332397648_o-1024x683.jpg 1024w, https:\/\/sffamilyservicesalliance.org\/wp-content\/uploads\/2024\/09\/planting-day-at-family-connections_53332397648_o-768x512.jpg 768w, https:\/\/sffamilyservicesalliance.org\/wp-content\/uploads\/2024\/09\/planting-day-at-family-connections_53332397648_o-1536x1024.jpg 1536w, https:\/\/sffamilyservicesalliance.org\/wp-content\/uploads\/2024\/09\/planting-day-at-family-connections_53332397648_o-2048x1365.jpg 2048w\" sizes=\"auto, (max-width: 2560px) 100vw, 2560px\" \/><figcaption>Ng\u00e0y tr\u1ed3ng c\u00e2y t\u1ea1i Family Connections<\/figcaption><\/figure><\/div><\/div>\n\n\t<\/div>\n<\/div><\/div>\n\n<div class=\"-default -vpadding-none -topborder-none block -width-default -halign-center -valign-default container\" style=\"--column-size: 2;\" ><div class=\"block-inside container-inside\">\t\t<div class=\"container-blocks\">\n\t\t\n<div class=\"-borderless -bullet -bullet-red block -width-default -halign-center -valign-default accordion\" style=\"--accordion-color: var(--color-red);\" ><div class=\"block-inside accordion-inside\"><details>\n    <summary><p>Li\u00ean h\u1ec7 v\u1edbi c\u00e1c nh\u00e0 ho\u1ea1ch \u0111\u1ecbnh ch\u00ednh s\u00e1ch<\/p><\/summary>\n    <div class=\"accordion-content\">\n        <ul>\n<li><a href=\"https:\/\/www.house.gov\/representatives\/find-your-representative\">T\u00ecm \u0111\u1ea1i di\u1ec7n Nh\u00e0 c\u1ee7a b\u1ea1n<\/a> t\u1ea1i H\u1ea1 vi\u1ec7n Hoa K\u1ef3\n<br><\/li>\n<li>T\u00ecm \u0111\u1ea1i di\u1ec7n c\u1ee7a Nh\u00e0 b\u1ea1n <a href=\"https:\/\/www.house.gov\/representatives\">S\u1ed1 \u0111i\u1ec7n tho\u1ea1i Washington DC<\/a>\n<br><\/li>\n<li><a href=\"https:\/\/findyourrep.legislature.ca.gov\/\">T\u00ecm \u0111\u1ea1i di\u1ec7n ti\u1ec3u bang c\u1ee7a b\u1ea1n<\/a> trong C\u01a1 quan l\u1eadp ph\u00e1p ti\u1ec3u bang California\n<br><\/li>\n<li><a href=\"https:\/\/sfbos.org\/roster-members\">T\u00ecm gi\u00e1m s\u00e1t vi\u00ean qu\u1eadn c\u1ee7a b\u1ea1n<\/a> trong H\u1ed9i \u0111\u1ed3ng gi\u00e1m s\u00e1t San Francisco<\/li>\n<\/ul>    <\/div>\n<\/details>\n<\/div><\/div>\n\n<div class=\"-borderless -bullet -bullet-red block -width-default -halign-center -valign-default accordion\" style=\"--accordion-color: var(--color-red);\" ><div class=\"block-inside accordion-inside\"><details>\n    <summary><p>H\u00e3y \u0111\u1ec3 ti\u1ebfng n\u00f3i c\u1ee7a b\u1ea1n \u0111\u01b0\u1ee3c l\u1eafng nghe t\u1ea1i m\u1ed9t cu\u1ed9c h\u1ecdp ho\u1eb7c s\u1ef1 ki\u1ec7n<\/p><\/summary>\n    <div class=\"accordion-content\">\n        <p>H\u1ed9i \u0111\u1ed3ng gi\u00e1m s\u00e1t San Francisco (SFBOS) t\u1ed5 ch\u1ee9c c\u00e1c cu\u1ed9c h\u1ecdp c\u00f4ng khai th\u01b0\u1eddng xuy\u00ean, n\u01a1i c\u01b0 d\u00e2n c\u00f3 th\u1ec3 b\u00e0y t\u1ecf \u00fd ki\u1ebfn c\u1ee7a m\u00ecnh v\u1ec1 c\u00e1c v\u1ea5n \u0111\u1ec1 \u0111\u1ecba ph\u01b0\u01a1ng. B\u1eb1ng c\u00e1ch <a href=\"https:\/\/sfbos.org\/events\/calendar\/upcoming\/\">tham d\u1ef1 v\u00e0 ph\u00e1t bi\u1ec3u trong c\u00e1c phi\u00ean h\u1ecdp b\u00ecnh lu\u1eadn c\u00f4ng khai<\/a>, b\u1ea1n c\u00f3 th\u1ec3 chia s\u1ebb c\u00e1ch FRC t\u00e1c \u0111\u1ed9ng t\u00edch c\u1ef1c \u0111\u1ebfn gia \u0111\u00ecnh b\u1ea1n, n\u00eau b\u1eadt c\u00e1c d\u1ecbch v\u1ee5 quan tr\u1ecdng m\u00e0 h\u1ecd cung c\u1ea5p v\u00e0 nh\u1ea5n m\u1ea1nh nhu c\u1ea7u ti\u1ebfp t\u1ee5c h\u1ed7 tr\u1ee3 v\u00e0 t\u00e0i tr\u1ee3.<\/p>    <\/div>\n<\/details>\n<\/div><\/div>\n\n<div class=\"-borderless -bullet -bullet-red block -width-default -halign-center -valign-default accordion\" style=\"--accordion-color: var(--color-red);\" ><div class=\"block-inside accordion-inside\"><details>\n    <summary><p>Tham gia Chi\u1ebfn d\u1ecbch vi\u1ebft th\u01b0 <\/p><\/summary>\n    <div class=\"accordion-content\">\n        <p>FSA ti\u1ebfn h\u00e0nh c\u00e1c chi\u1ebfn d\u1ecbch vi\u1ebft th\u01b0 th\u01b0\u1eddng xuy\u00ean \u0111\u1ec3 \u1ee7ng h\u1ed9 c\u00e1c t\u1ed5 ch\u1ee9c h\u1ed7 tr\u1ee3 gia \u0111\u00ecnh v\u00e0 \u1edf nhi\u1ec1u c\u1ea5p ch\u00ednh quy\u1ec1n kh\u00e1c nhau. H\u00e3y s\u1edbm quay l\u1ea1i \u0111\u1ec3 bi\u1ebft c\u00e1c c\u01a1 h\u1ed9i vi\u1ebft th\u01b0 s\u1eafp t\u1edbi ph\u00f9 h\u1ee3p v\u1edbi n\u1ec1n t\u1ea3ng ch\u00ednh s\u00e1ch v\u00e0 \u1ee7ng h\u1ed9 c\u1ee7a FSA.<\/p>    <\/div>\n<\/details>\n<\/div><\/div>\n\n\t<\/div>\n<\/div><\/div>\n\n\t<\/div>\n<\/div><\/div>\n\n\t<\/div>\n<\/div><\/div>\n\n<div class=\"-default -vpadding-large -hasbg -topborder-none block -width-default -halign-center -valign-default container\" style=\"--background: var(--color-subtle-gray);\" id=\"what-guides-our-advocacy\"><div class=\"block-inside container-inside\">\t\t<div class=\"container-blocks\">\n\t\t\n<div class=\"-align-center -heading-large -color-purple -boldcolor-default -padding-none block -width-default -halign-center -valign-default heading\" style=\"\" ><div class=\"block-inside heading-inside\"><div role=\"heading\" aria-level=\"1\" data-search=\"What Guides Our Advocacy?\">\u0110i\u1ec1u g\u00ec \u0111\u1ecbnh h\u01b0\u1edbng cho ho\u1ea1t \u0111\u1ed9ng v\u1eadn \u0111\u1ed9ng c\u1ee7a ch\u00fang t\u00f4i?<\/div><\/div><\/div>\n\n<div class=\"-type-manual block -width-default -halign-center -valign-default spacer\" style=\"--spacing: 2;\" ><div class=\"block-inside spacer-inside\"><\/div><\/div>\n\n<div class=\"-columns -columns -columns-align-center -columns-2 -vpadding-none -topborder-none block -width-default -halign-center -valign-default container\" style=\"\" ><div class=\"block-inside container-inside\">\t\t<div class=\"container-blocks\">\n\t\t\n<div class=\"-default -vpadding-none -topborder-none block -width-default -halign-center -valign-default container\" style=\"--column-size: 2;\" ><div class=\"block-inside container-inside\">\t\t<div class=\"container-blocks\">\n\t\t\n<div class=\"-align-left -heading-medium -color-purple -boldcolor-default -padding-none block -width-default -halign-center -valign-default heading\" style=\"\" ><div class=\"block-inside heading-inside\"><div role=\"heading\" aria-level=\"1\" data-search=\"The FSA\u2019s Policy Platform\">N\u1ec1n t\u1ea3ng ch\u00ednh s\u00e1ch c\u1ee7a FSA<\/div><\/div><\/div>\n\n<div class=\"-bullet-purple -bullet -size-small -align-left block -width-default -halign-center -valign-default text\" style=\"\" ><div class=\"block-inside text-inside\"><p>FSA c\u00f3 th\u1ec3 d\u1eabn \u0111\u1ea7u c\u00e1c n\u1ed7 l\u1ef1c theo \u0111u\u1ed5i c\u00e1c v\u1ea5n \u0111\u1ec1 v\u00e0 ch\u00ednh s\u00e1ch:<\/p>\n<ul>\n<li>\n<p>X\u00e2y d\u1ef1ng m\u1ea1ng l\u01b0\u1edbi an to\u00e0n c\u1ed9ng \u0111\u1ed3ng cho c\u00e1c gia \u0111\u00ecnh th\u00f4ng qua c\u00e1c n\u1ed7 l\u1ef1c t\u0103ng c\u01b0\u1eddng n\u0103ng l\u1ef1c, t\u00ednh b\u1ec1n v\u1eefng v\u00e0 c\u00e1c d\u1ecbch v\u1ee5 ch\u1ea5t l\u01b0\u1ee3ng cao c\u1ee7a c\u00e1c t\u1ed5 ch\u1ee9c h\u1ed7 tr\u1ee3 gia \u0111\u00ecnh t\u1ea1i c\u1ed9ng \u0111\u1ed3ng.<\/p>\n<\/li>\n<li>\n<p>T\u0103ng c\u01b0\u1eddng m\u1ea1ng l\u01b0\u1edbi h\u1ed7 tr\u1ee3 c\u1ed9ng \u0111\u1ed3ng cho c\u00e1c gia \u0111\u00ecnh v\u00e0 con c\u00e1i c\u1ee7a h\u1ecd th\u00f4ng qua vi\u1ec7c t\u0103ng c\u01b0\u1eddng h\u1ee3p t\u00e1c v\u00e0 ph\u1ed1i h\u1ee3p gi\u1eefa c\u00e1c c\u01a1 quan c\u1ed9ng \u0111\u1ed3ng v\u00e0 c\u00f4ng c\u1ed9ng, s\u1ef1 th\u1ed1ng nh\u1ea5t c\u1ee7a c\u00e1c h\u1ec7 th\u1ed1ng v\u00e0 th\u00fac \u0111\u1ea9y ph\u01b0\u01a1ng ph\u00e1p ti\u1ebfp c\u1eadn hai th\u1ebf h\u1ec7.<\/p>\n<\/li>\n<\/ul>\n<p>H\u01a1n n\u1eefa, FSA c\u00f3 th\u1ec3 h\u1ed7 tr\u1ee3 c\u00e1c n\u1ed7 l\u1ef1c theo \u0111u\u1ed5i c\u00e1c v\u1ea5n \u0111\u1ec1 v\u00e0 ch\u00ednh s\u00e1ch:<\/p>\n<ul>\n<li>\n<p>Gi\u1ea3m ngh\u00e8o v\u00e0 c\u1ea3i thi\u1ec7n s\u1ef1 \u1ed5n \u0111\u1ecbnh kinh t\u1ebf, \u01b0u ti\u00ean c\u00e1c nhu c\u1ea7u c\u01a1 b\u1ea3n cho tr\u1ebb em v\u00e0 gia \u0111\u00ecnh.<\/p>\n<\/li>\n<li>\n<p>T\u0103ng c\u01b0\u1eddng kh\u1ea3 n\u0103ng ti\u1ebfp c\u1eadn d\u1ecbch v\u1ee5 ch\u0103m s\u00f3c s\u1ee9c kh\u1ecfe v\u00e0 c\u1ea3i thi\u1ec7n s\u1ee9c kh\u1ecfe tinh th\u1ea7n, c\u1ea3m x\u00fac v\u00e0 th\u1ec3 ch\u1ea5t.<\/p>\n<\/li>\n<li>\n<p>C\u1ea3i thi\u1ec7n s\u1ef1 s\u1eb5n s\u00e0ng \u0111\u1ebfn tr\u01b0\u1eddng v\u00e0 kh\u1ea3 n\u0103ng ti\u1ebfp c\u1eadn c\u00e1c c\u01a1 h\u1ed9i \u0111\u1ec3 gi\u1ea3i quy\u1ebft b\u1ea5t b\u00ecnh \u0111\u1eb3ng trong gi\u00e1o d\u1ee5c.<\/p>\n<\/li>\n<\/ul><\/div><\/div>\n\n\t<\/div>\n<\/div><\/div>\n\n<div class=\"-default -vpadding-none -topborder-none block -width-default -halign-center -valign-default container\" style=\"\" ><div class=\"block-inside container-inside\">\t\t<div class=\"container-blocks\">\n\t\t\n<div class=\"block -width-default -halign-center -valign-default image\" style=\"\" ><div class=\"block-inside image-inside\"><figure><img loading=\"lazy\" decoding=\"async\" width=\"2560\" height=\"1920\" src=\"https:\/\/sffamilyservicesalliance.org\/wp-content\/uploads\/2026\/04\/advocacy_page_photo-scaled-1.jpg\" class=\"attachment-full size-full\" alt=\"\" srcset=\"https:\/\/sffamilyservicesalliance.org\/wp-content\/uploads\/2026\/04\/advocacy_page_photo-scaled-1.jpg 2560w, https:\/\/sffamilyservicesalliance.org\/wp-content\/uploads\/2026\/04\/advocacy_page_photo-scaled-1-300x225.jpg 300w, https:\/\/sffamilyservicesalliance.org\/wp-content\/uploads\/2026\/04\/advocacy_page_photo-scaled-1-1024x768.jpg 1024w, https:\/\/sffamilyservicesalliance.org\/wp-content\/uploads\/2026\/04\/advocacy_page_photo-scaled-1-768x576.jpg 768w, https:\/\/sffamilyservicesalliance.org\/wp-content\/uploads\/2026\/04\/advocacy_page_photo-scaled-1-1536x1152.jpg 1536w, https:\/\/sffamilyservicesalliance.org\/wp-content\/uploads\/2026\/04\/advocacy_page_photo-scaled-1-2048x1536.jpg 2048w, https:\/\/sffamilyservicesalliance.org\/wp-content\/uploads\/2026\/04\/advocacy_page_photo-scaled-1-16x12.jpg 16w\" sizes=\"auto, (max-width: 2560px) 100vw, 2560px\" \/><figcaption>C\u00e1c th\u00e0nh vi\u00ean FSA t\u1ea1i m\u1ed9t cu\u1ed9c bi\u1ec3u t\u00ecnh c\u1ee7a MOHCD<\/figcaption><\/figure><\/div><\/div>\n\n\t<\/div>\n<\/div><\/div>\n\n\t<\/div>\n<\/div><\/div>\n\n\t<\/div>\n<\/div><\/div>","protected":false},"excerpt":{"rendered":"","protected":false},"author":1,"featured_media":0,"parent":0,"menu_order":3,"comment_status":"closed","ping_status":"closed","template":"","meta":{"_acf_changed":false,"footnotes":""},"class_list":["post-13726","page","type-page","status-publish","hentry"],"acf":[],"_links":{"self":[{"href":"https:\/\/sffamilyservicesalliance.org\/vi\/wp-json\/wp\/v2\/pages\/13726","targetHints":{"allow":["GET"]}}],"collection":[{"href":"https:\/\/sffamilyservicesalliance.org\/vi\/wp-json\/wp\/v2\/pages"}],"about":[{"href":"https:\/\/sffamilyservicesalliance.org\/vi\/wp-json\/wp\/v2\/types\/page"}],"author":[{"embeddable":true,"href":"https:\/\/sffamilyservicesalliance.org\/vi\/wp-json\/wp\/v2\/users\/1"}],"replies":[{"embeddable":true,"href":"https:\/\/sffamilyservicesalliance.org\/vi\/wp-json\/wp\/v2\/comments?post=13726"}],"version-history":[{"count":1,"href":"https:\/\/sffamilyservicesalliance.org\/vi\/wp-json\/wp\/v2\/pages\/13726\/revisions"}],"predecessor-version":[{"id":20181,"href":"https:\/\/sffamilyservicesalliance.org\/vi\/wp-json\/wp\/v2\/pages\/13726\/revisions\/20181"}],"wp:attachment":[{"href":"https:\/\/sffamilyservicesalliance.org\/vi\/wp-json\/wp\/v2\/media?parent=13726"}],"curies":[{"name":"wp","href":"https:\/\/api.w.org\/{rel}","templated":true}]}}