{"id":8,"date":"2023-02-08T14:13:16","date_gmt":"2023-02-08T22:13:16","guid":{"rendered":"https:\/\/safeandsound.org\/\/?page_id=8"},"modified":"2026-04-08T13:12:03","modified_gmt":"2026-04-08T20:12:03","slug":"home","status":"publish","type":"page","link":"https:\/\/sffamilyservicesalliance.org\/es\/","title":{"rendered":"Hogar"},"content":{"rendered":"<div class=\"block -width-full -valign-default hero\" style=\"\" ><div class=\"block-inside hero-inside\"><div class=\"hero-image\"><img loading=\"lazy\" decoding=\"async\" width=\"2560\" height=\"1280\" src=\"https:\/\/sffamilyservicesalliance.org\/wp-content\/uploads\/2024\/08\/IMG_3732-edited-scaled.jpg\" class=\"attachment-full size-full\" alt=\"\" srcset=\"https:\/\/sffamilyservicesalliance.org\/wp-content\/uploads\/2024\/08\/IMG_3732-edited-scaled.jpg 2560w, https:\/\/sffamilyservicesalliance.org\/wp-content\/uploads\/2024\/08\/IMG_3732-edited-300x150.jpg 300w, https:\/\/sffamilyservicesalliance.org\/wp-content\/uploads\/2024\/08\/IMG_3732-edited-1024x512.jpg 1024w, https:\/\/sffamilyservicesalliance.org\/wp-content\/uploads\/2024\/08\/IMG_3732-edited-768x384.jpg 768w, https:\/\/sffamilyservicesalliance.org\/wp-content\/uploads\/2024\/08\/IMG_3732-edited-1536x768.jpg 1536w, https:\/\/sffamilyservicesalliance.org\/wp-content\/uploads\/2024\/08\/IMG_3732-edited-2048x1024.jpg 2048w\" sizes=\"auto, (max-width: 2560px) 100vw, 2560px\" \/><\/div>\n<div class=\"hero-text -altfont\">\n<span>Trabajando colectivamente por<\/span>\n<span>Todo<br>De San Francisco<\/span>\n<span>Ni\u00f1os y familias<\/span>\n<\/div>\n<\/div><\/div>\n\n<div class=\"-default -vpadding-large -topborder-none block -width-default -halign-center -valign-default container\" style=\"\" ><div class=\"block-inside container-inside\">\t\t<div class=\"container-blocks\">\n\t\t\n<div class=\"-default -vpadding-none -topborder-none block -width-default -halign-center -valign-default container\" style=\"\" ><div class=\"block-inside container-inside\">\t\t<div class=\"container-blocks\">\n\t\t\n<div class=\"-align-center -heading-large -color-gray2 -boldcolor-purple -padding-none block -width-default -halign-center -valign-default heading\" style=\"\" ><div class=\"block-inside heading-inside\"><div role=\"heading\" aria-level=\"1\" data-search=\"Ensuring all families have access to the supports and services they need to thrive.\">Asegurarse <strong><em>Todas las familias<\/em><\/strong> tener acceso a los apoyos y servicios <strong><em>Necesitan prosperar<\/em><\/strong>.<\/div><\/div><\/div>\n\n<div class=\"-type-manual block -width-default -halign-center -valign-default spacer\" style=\"--spacing: 5;\" ><div class=\"block-inside spacer-inside\"><\/div><\/div>\n\n<div class=\"stats-container\">\n    <ul class=\"stats\">\n                    <li class=\"stat\">\n                <span><i class=\"fa-classic fa-solid fa-people-group\" aria-hidden=\"true\"><\/i><\/span>\n                <span>&gt; <span data-number=\"50000\">50,000<\/span><\/span>\n                <span>Personas atendidas<br \/>\r\nAnualmente<\/span>\n            <\/li>\n                        <li class=\"stat\">\n                <span><i class=\"fa-classic fa-solid fa-money-bill-1\" aria-hidden=\"true\"><\/i><\/span>\n                <span><span data-number=\"92\">92<\/span>%<\/span>\n                <span>Bajos ingresos<br \/>\r\nFamilias<\/span>\n            <\/li>\n                        <li class=\"stat\">\n                <span><i class=\"fa-classic fa-solid fa-language\" aria-hidden=\"true\"><\/i><\/span>\n                <span><span data-number=\"25\">25<\/span><\/span>\n                <span>Idiomas<br \/>\r\nHablado por familias<\/span>\n            <\/li>\n                        <li class=\"stat\">\n                <span><i class=\"fa-classic fa-solid fa-hands-holding-child\" aria-hidden=\"true\"><\/i><\/span>\n                <span>&gt;<span data-number=\"600\">600<\/span><\/span>\n                <span>Personal de apoyo familiar<\/span>\n            <\/li>\n                        <li class=\"stat\">\n                <span><i class=\"fa-classic fa-solid fa-person-shelter\" aria-hidden=\"true\"><\/i><\/span>\n                <span><span data-number=\"43\">43<\/span><\/span>\n                <span>Miembro<br \/>\r\nOrganizaciones<\/span>\n            <\/li>\n                <\/ul>\n<\/div>\n\n\n<div class=\"-type-manual block -width-default -halign-center -valign-default spacer\" style=\"--spacing: 0;\" ><div class=\"block-inside spacer-inside\"><\/div><\/div>\n\n<div class=\"-bullet-purple -bullet -size-small -align-center block -width-default -halign-center -valign-default text\" style=\"\" ><div class=\"block-inside text-inside\"><p>* Estad\u00edsticas vigentes en 2024<\/p><\/div><\/div>\n\n\t<\/div>\n<\/div><\/div>\n\n\t<\/div>\n<\/div><\/div>\n\n<div class=\"-default -vpadding-medium -hasbg -topborder-none block -width-default -halign-center -valign-default container\" style=\"--background: var(--color-subtle-gray);\" ><div class=\"block-inside container-inside\">\t\t<div class=\"container-blocks\">\n\t\t\n<div class=\"-align-center -heading-large -color-purple -boldcolor-default -padding-none block -width-default -halign-center -valign-default heading\" style=\"\" ><div class=\"block-inside heading-inside\"><div role=\"heading\" aria-level=\"1\" data-search=\"Upcoming Events\"><strong>Pr\u00f3ximos eventos<\/strong><\/div><\/div><\/div>\n\n<div class=\"-bullet-purple -bullet -size-large -align-center block -width-default -halign-center -valign-default text\" style=\"\" ><div class=\"block-inside text-inside\"><p>\u00danase a una capacitaci\u00f3n para desarrollar capacidades para una mejor comunidad.<\/p><\/div><\/div>\n\n<div class=\"-type-manual block -width-default -halign-center -valign-default spacer\" style=\"--spacing: 5;\" ><div class=\"block-inside spacer-inside\"><\/div><\/div>\n\n<div class=\"trainings\">\n\n        <div class=\"training\">\n        <div class=\"training-title\">Capacitaci\u00f3n para denunciantes obligatorios<\/div>\n        <div class=\"training-date\">Martes 21 de abril, 9:30 a. m.<\/div>\n        <div class=\"training-description\">Esta capacitaci\u00f3n para denunciantes obligatorios incluye informaci\u00f3n concreta para reducir la incertidumbre y la ansiedad con respecto a los informes de abuso; garant\u00edas legales para los profesionales que denuncian sospechas de abuso infantil; qu\u00e9 sucede despu\u00e9s de que se presenta un informe de abuso infantil; y brinda orientaci\u00f3n sobre c\u00f3mo apoyar a los ni\u00f1os y las familias cuando se sospecha de abuso.<\/div>\n        <!--<div class=\"training-tags tags\">\n            <div class=\"training-tag tag\">PDCL<\/div>\n            <div class=\"training-tag tag\">Virtual<\/div>\n            <div class=\"training-tag tag\">Committee<\/div>\n        <\/div>-->\n        <div class=\"training-more\"><a class=\"-button -color-purple\" href=\"https:\/\/421mrt.eventbrite.com\">M\u00e1s informaci\u00f3n<\/a><\/div>    <\/div>\n        <div class=\"training\">\n        <div class=\"training-title\">Involucrar y apoyar a los j\u00f3venes que han experimentado la explotaci\u00f3n sexual comercial<\/div>\n        <div class=\"training-date\">Jueves 23 de abril, 13:00<\/div>\n        <div class=\"training-description\">En asociaci\u00f3n con Safe &amp; Sound, Huckleberry Youth Programs y la Agencia de Servicios Humanos de San Francisco, esta capacitaci\u00f3n basada en el trauma est\u00e1 dise\u00f1ada para ayudar a los proveedores a comprender mejor su papel al apoyar a los j\u00f3venes que experimentan explotaci\u00f3n sexual comercial (CSEC).<\/div>\n        <!--<div class=\"training-tags tags\">\n            <div class=\"training-tag tag\">PDCL<\/div>\n            <div class=\"training-tag tag\">Virtual<\/div>\n            <div class=\"training-tag tag\">Committee<\/div>\n        <\/div>-->\n        <div class=\"training-more\"><a class=\"-button -color-purple\" href=\"https:\/\/423csec.eventbrite.com\">M\u00e1s informaci\u00f3n<\/a><\/div>    <\/div>\n    \n<\/div>\n\n\t<\/div>\n<\/div><\/div>\n\n<div class=\"-default -vpadding-none -topborder-none block -width-default -halign-center -valign-default container\" style=\"\" ><div class=\"block-inside container-inside\">\t\t<div class=\"container-blocks\">\n\t\t\n<div class=\"-type-manual block -width-default -halign-center -valign-default spacer\" style=\"--spacing: 8;\" ><div class=\"block-inside spacer-inside\"><\/div><\/div>\n\n\t<\/div>\n<\/div><\/div>\n\n<div class=\"-default -vpadding-none -topborder-none block -width-default -halign-center -valign-default container\" style=\"\" ><div class=\"block-inside container-inside\">\t\t<div class=\"container-blocks\">\n\t\t\n<div class=\"-columns -columns -columns-align-center -columns-2 -vpadding-none -topborder-none block -width-default -halign-center -valign-default container\" style=\"\" ><div class=\"block-inside container-inside\">\t\t<div class=\"container-blocks\">\n\t\t\n<div class=\"-default -vpadding-none -topborder-none block -width-default -halign-center -valign-default container\" style=\"\" ><div class=\"block-inside container-inside\">\t\t<div class=\"container-blocks\">\n\t\t\n<div class=\"-align-center -heading-large -color-red -boldcolor-default -padding-none block -width-default -halign-center -valign-default heading\" style=\"\" ><div class=\"block-inside heading-inside\"><div role=\"heading\" aria-level=\"1\" data-search=\"Partner Spotlight: Good Samaritan Family Resource Center\"><strong>Socio destacado:<\/strong><br><span style=\"font-size: 0.9em;\">Centro de recursos familiares del Buen Samaritano<\/span><\/div><\/div><\/div>\n\n<div class=\"-align-center -heading-small -color-gray2 -boldcolor-default -padding-none block -width-default -halign-center -valign-default heading\" style=\"\" ><div class=\"block-inside heading-inside\"><div role=\"heading\" aria-level=\"1\" data-search=\"Strong families. Bright futures. For generations.\">Familias fuertes. Futuros brillantes. Por generaciones.<\/div><\/div><\/div>\n\n<div class=\"-type-manual block -width-default -halign-center -valign-default spacer\" style=\"--spacing: 1;\" ><div class=\"block-inside spacer-inside\"><\/div><\/div>\n\n<div class=\"-bullet-red -bullet -size-small -align-left block -width-default -halign-center -valign-default text\" style=\"\" ><div class=\"block-inside text-inside\"><p>Good Samaritan apoya a todos los ni\u00f1os, j\u00f3venes y familias vulnerables de bajos recursos en San Francisco, especialmente a las familias inmigrantes y reci\u00e9n llegadas. Juntos trabajamos para desarrollar las habilidades y los recursos necesarios para superar la pobreza y el desplazamiento, desarrollar la autosuficiencia y participar plenamente en la comunidad que todos compartimos.<\/p><\/div><\/div>\n\n<div class=\"-type-manual block -width-default -halign-center -valign-default spacer\" style=\"--spacing: 1;\" ><div class=\"block-inside spacer-inside\"><\/div><\/div>\n\n<div class=\"block -width-default -halign-center -valign-default quote\" style=\"\" ><div class=\"block-inside quote-inside\"><blockquote><p>Como familia reci\u00e9n llegada, no sab\u00edamos c\u00f3mo prepararnos para el k\u00ednder y me sent\u00eda inc\u00f3moda al dejar a mi hijo sin un familiar. Pero desde la visita, sent\u00ed la calidez de los maestros y el amor en el aula. Sab\u00eda que mi hijo prosperar\u00eda aqu\u00ed, y estaremos eternamente agradecidos por un comienzo escolar tan cari\u00f1oso y enriquecedor.<\/p>\n<p>\u2014 Juan Ibarra, padre de Isaac (4)\n<br>\nCentro de Desarrollo Infantil Preescolar<\/p><\/blockquote><\/div><\/div>\n\n<div class=\"-type-manual block -width-default -halign-center -valign-default spacer\" style=\"--spacing: 0;\" ><div class=\"block-inside spacer-inside\"><\/div><\/div>\n\n<div class=\"-size-large block -width-default -halign-center -valign-default buttons\" style=\"\" ><div class=\"block-inside buttons-inside\"><a class=\"-button -color-red\" href=\"https:\/\/sffamilyservicesalliance.org\/es\/partner-spotlight\/\">M\u00e1s informaci\u00f3n<\/a><\/div><\/div>\n\n\t<\/div>\n<\/div><\/div>\n\n<div class=\"-default -vpadding-none -topborder-none block -width-default -halign-center -valign-default container\" style=\"\" ><div class=\"block-inside container-inside\">\t\t<div class=\"container-blocks\">\n\t\t\n<div class=\"block -width-custom -halign-left -valign-default image\" style=\"--widget-max-width: 900px;\" ><div class=\"block-inside image-inside\"><figure><img loading=\"lazy\" decoding=\"async\" width=\"1080\" height=\"1080\" src=\"https:\/\/sffamilyservicesalliance.org\/wp-content\/uploads\/2026\/03\/Good-Sam_teen-promotores.png\" class=\"attachment-full size-full\" alt=\"\" srcset=\"https:\/\/sffamilyservicesalliance.org\/wp-content\/uploads\/2026\/03\/Good-Sam_teen-promotores.png 1080w, https:\/\/sffamilyservicesalliance.org\/wp-content\/uploads\/2026\/03\/Good-Sam_teen-promotores-300x300.png 300w, https:\/\/sffamilyservicesalliance.org\/wp-content\/uploads\/2026\/03\/Good-Sam_teen-promotores-1024x1024.png 1024w, https:\/\/sffamilyservicesalliance.org\/wp-content\/uploads\/2026\/03\/Good-Sam_teen-promotores-150x150.png 150w, https:\/\/sffamilyservicesalliance.org\/wp-content\/uploads\/2026\/03\/Good-Sam_teen-promotores-768x768.png 768w, https:\/\/sffamilyservicesalliance.org\/wp-content\/uploads\/2026\/03\/Good-Sam_teen-promotores-12x12.png 12w\" sizes=\"auto, (max-width: 1080px) 100vw, 1080px\" \/><figcaption>Jos\u00e9 y una compa\u00f1era de clase Promotora de Adolescentes en San Francisco International High School.<\/figcaption><\/figure><\/div><\/div>\n\n<div class=\"-bullet-red -bullet -size-small -align-left block -width-default -halign-center -valign-default text\" style=\"\" ><div class=\"block-inside text-inside\"><p><strong>Para obtener m\u00e1s informaci\u00f3n sobre el Centro de Recursos Familiares del Buen Samaritano:<\/strong><\/p>\n<ul>\n<li>Correo electr\u00f3nico  <a href=\"mailto:info@goodsamfrc.org\">info@goodsamfrc.org<\/a>\n<br><\/li>\n<li>Llamar <a href=\"tel:415-401-4253\">415-401-4253<\/a>\n<br><\/li>\n<li>Visita <a href=\"https:\/\/goodsamfrc.org\/\">Sitio web de Good Samartitan FRC<\/a><\/li>\n<\/ul><\/div><\/div>\n\n\t<\/div>\n<\/div><\/div>\n\n\t<\/div>\n<\/div><\/div>\n\n\t<\/div>\n<\/div><\/div>\n\n<div class=\"-default -vpadding-none -topborder-none block -width-default -halign-center -valign-default container\" style=\"\" ><div class=\"block-inside container-inside\">\t\t<div class=\"container-blocks\">\n\t\t\n<div class=\"-type-manual block -width-default -halign-center -valign-default spacer\" style=\"--spacing: 5;\" ><div class=\"block-inside spacer-inside\"><\/div><\/div>\n\n\t<\/div>\n<\/div><\/div>\n\n<div class=\"-columns -columns -columns-align-top -columns-2 -vpadding-none -topborder-none block -width-default -halign-center -valign-default container\" style=\"\" ><div class=\"block-inside container-inside\">\t\t<div class=\"container-blocks\">\n\t\t\n<div class=\"-default -vpadding-none -topborder-none block -width-default -halign-center -valign-default container\" style=\"\" ><div class=\"block-inside container-inside\">\t\t<div class=\"container-blocks\">\n\t\t\n\t<\/div>\n<\/div><\/div>\n\n<div class=\"-default -vpadding-none -topborder-none block -width-default -halign-center -valign-default container\" style=\"\" ><div class=\"block-inside container-inside\">\t\t<div class=\"container-blocks\">\n\t\t\n\t<\/div>\n<\/div><\/div>\n\n\t<\/div>\n<\/div><\/div>\n\n<div class=\"-default -vpadding-none -topborder-none block -width-default -halign-center -valign-default container\" style=\"\" ><div class=\"block-inside container-inside\">\t\t<div class=\"container-blocks\">\n\t\t\n<div class=\"-type-manual block -width-default -halign-center -valign-default spacer\" style=\"--spacing: 7;\" ><div class=\"block-inside spacer-inside\"><\/div><\/div>\n\n\t<\/div>\n<\/div><\/div>\n\n<div class=\"-default -vpadding-large -hasbg -topborder-none block -width-default -halign-center -valign-default container\" style=\"--background: var(--color-subtle-gray);\" ><div class=\"block-inside container-inside\">\t\t<div class=\"container-blocks\">\n\t\t\n<div class=\"block -width-default -halign-center -valign-default news\" style=\"\" ><div class=\"block-inside news-inside\">\n<div class=\"news-readshare\">\t\n\t<div class=\"news-readshare-text\">\n\t\t<div style=\"display: flex; gap: 60px; align-items: center;\">\n\t\t\t<div class=\"news-readshare-main\">\n\t\t\t\t<div class=\"news-readshare-heading -heading-large -color-blue1\" role=\"heading\" aria-level=\"1\">Novedades y novedades<\/div>\n\t\t\t\t<div class=\"news-readshare-heading -heading-medium -color-gray2\" role=\"heading\" aria-level=\"1\"><strong>Kit de herramientas pol\u00edticas: Impulsando pol\u00edticas eficaces en materia de ayudas econ\u00f3micas y concretas.<\/strong><\/div>\n\t\t\t\t<div class=\"news-readshare-excerpt\"><p>Chapin Hall ha elaborado un conjunto de herramientas pol\u00edticas para promover pol\u00edticas estatales y federales en materia de apoyo econ\u00f3mico y asistencia concreta. Se incluye evidencia actual que demuestra los efectos de la inestabilidad econ\u00f3mica en el maltrato infantil y el efecto positivo de las pol\u00edticas que mitigan dicha inestabilidad para las familias.<\/p><\/div>\n\t\t\t\t<div class=\"news-readshare-more\"><a class=\"-button -color-blue1\" href=\"https:\/\/www.chapinhall.org\/project\/policy-toolkit-advancing-effective-policy-on-economic-and-concrete-supports\/\">M\u00e1s informaci\u00f3n<\/a><\/div>\n\t\t\t<\/div>\n\t\t\t<div class=\"news-readshare-image\"><a href=\"https:\/\/www.chapinhall.org\/project\/policy-toolkit-advancing-effective-policy-on-economic-and-concrete-supports\/\"><img loading=\"lazy\" decoding=\"async\" width=\"980\" height=\"520\" src=\"https:\/\/sffamilyservicesalliance.org\/wp-content\/uploads\/2026\/04\/Boy-Capitol-ECS-Poster-980x520-c-center.jpg\" class=\"attachment-full size-full\" alt=\"\" srcset=\"https:\/\/sffamilyservicesalliance.org\/wp-content\/uploads\/2026\/04\/Boy-Capitol-ECS-Poster-980x520-c-center.jpg 980w, https:\/\/sffamilyservicesalliance.org\/wp-content\/uploads\/2026\/04\/Boy-Capitol-ECS-Poster-980x520-c-center-300x159.jpg 300w, https:\/\/sffamilyservicesalliance.org\/wp-content\/uploads\/2026\/04\/Boy-Capitol-ECS-Poster-980x520-c-center-768x408.jpg 768w, https:\/\/sffamilyservicesalliance.org\/wp-content\/uploads\/2026\/04\/Boy-Capitol-ECS-Poster-980x520-c-center-18x10.jpg 18w\" sizes=\"auto, (max-width: 980px) 100vw, 980px\" \/><\/a><\/div>\n\t\t<\/div>\n\t<\/div>\n<\/div>\n\n<\/div><\/div>\n\n\t<\/div>\n<\/div><\/div>","protected":false},"excerpt":{"rendered":"","protected":false},"author":1,"featured_media":0,"parent":0,"menu_order":0,"comment_status":"closed","ping_status":"closed","template":"","meta":{"_acf_changed":false,"footnotes":""},"class_list":["post-8","page","type-page","status-publish","hentry"],"acf":[],"_links":{"self":[{"href":"https:\/\/sffamilyservicesalliance.org\/es\/wp-json\/wp\/v2\/pages\/8","targetHints":{"allow":["GET"]}}],"collection":[{"href":"https:\/\/sffamilyservicesalliance.org\/es\/wp-json\/wp\/v2\/pages"}],"about":[{"href":"https:\/\/sffamilyservicesalliance.org\/es\/wp-json\/wp\/v2\/types\/page"}],"author":[{"embeddable":true,"href":"https:\/\/sffamilyservicesalliance.org\/es\/wp-json\/wp\/v2\/users\/1"}],"replies":[{"embeddable":true,"href":"https:\/\/sffamilyservicesalliance.org\/es\/wp-json\/wp\/v2\/comments?post=8"}],"version-history":[{"count":309,"href":"https:\/\/sffamilyservicesalliance.org\/es\/wp-json\/wp\/v2\/pages\/8\/revisions"}],"predecessor-version":[{"id":20115,"href":"https:\/\/sffamilyservicesalliance.org\/es\/wp-json\/wp\/v2\/pages\/8\/revisions\/20115"}],"wp:attachment":[{"href":"https:\/\/sffamilyservicesalliance.org\/es\/wp-json\/wp\/v2\/media?parent=8"}],"curies":[{"name":"gracias","href":"https:\/\/api.w.org\/{rel}","templated":true}]}}