{"id":14232,"date":"2024-10-05T10:14:23","date_gmt":"2024-10-05T17:14:23","guid":{"rendered":"https:\/\/sffamilyservicesalliance.org\/?page_id=14232"},"modified":"2026-01-27T12:31:13","modified_gmt":"2026-01-27T20:31:13","slug":"management-training-program-faq","status":"publish","type":"page","link":"https:\/\/sffamilyservicesalliance.org\/es\/training-and-pathways\/management-training-program-faq\/","title":{"rendered":"Preguntas frecuentes sobre el programa de capacitaci\u00f3n en gesti\u00f3n"},"content":{"rendered":"<div class=\"-pageheader-divider block -width-default -halign-center -valign-default container\" style=\"\" ><div class=\"block-inside container-inside\"><div class=\"block -width-default -halign-center -valign-default pageheader\" style=\"\" ><div class=\"block-inside pageheader-inside\"><h1 class=\"pageheader-heading\" role=\"heading\" aria-level=\"1\" data-search=\"Management Training Program\">Programa de Formaci\u00f3n en Gesti\u00f3n<\/h1><div class=\"pageheader-subheading\"><p>Preguntas frecuentes<\/p><\/div><\/div><\/div><\/div><\/div>\n\n<div class=\"-textcolumns -textcolumns-2 -vpadding-large -topborder-none block -width-default -halign-center -valign-default container\" style=\"\" ><div class=\"block-inside container-inside\">\t\t<div class=\"container-blocks\">\n\t\t\n<div class=\"-align-left -heading-medium -color-default -boldcolor-default -padding-none block -width-default -halign-center -valign-default heading\" style=\"\" ><div class=\"block-inside heading-inside\"><div role=\"heading\" aria-level=\"1\" data-search=\"What is the SFFSN Management Training Certificate Program?\">\u00bfQu\u00e9 es el Programa de Certificaci\u00f3n de Capacitaci\u00f3n en Gesti\u00f3n de SFFSN?<\/div><\/div><\/div>\n\n<div class=\"-bullet-red -bullet -size-small -align-left block -width-default -halign-center -valign-default text\" style=\"\" ><div class=\"block-inside text-inside\"><ul>\n<li>El Family Services Alliance (FSA) ha desarrollado una serie de capacitaciones dise\u00f1adas para apoyar el desarrollo del conocimiento y la pr\u00e1ctica de los gerentes de agencias de servicios sociales entre los programas de apoyo familiar.\n<br><\/li>\n<li><strong>Una persona que complete con \u00e9xito la serie completa de capacitaciones recibir\u00e1 un certificado de finalizaci\u00f3n.<\/strong><\/li>\n<\/ul><\/div><\/div>\n\n<div class=\"-type-manual block -width-default -halign-center -valign-default spacer\" style=\"--spacing: 4;\" ><div class=\"block-inside spacer-inside\"><\/div><\/div>\n\n<div class=\"-align-left -heading-medium -color-default -boldcolor-default -padding-none block -width-default -halign-center -valign-default heading\" style=\"\" ><div class=\"block-inside heading-inside\"><div role=\"heading\" aria-level=\"1\" data-search=\"For whom is the Program intended?\">\u00bfA qui\u00e9n va dirigido el Programa?<\/div><\/div><\/div>\n\n<div class=\"-bullet-red -bullet -size-small -align-left block -width-default -halign-center -valign-default text\" style=\"\" ><div class=\"block-inside text-inside\"><ul>\n<li>Este programa est\u00e1 dirigido a directores de programas, gerentes, administradores, coordinadores y administradores de casos de organizaciones de apoyo familiar que administran agencias y programas de servicios sociales. Puede resultar \u00fatil para quienes no tengan un t\u00edtulo en liderazgo organizacional, gesti\u00f3n de organizaciones sin fines de lucro, negocios, administraci\u00f3n o un campo relacionado.<\/li>\n<\/ul><\/div><\/div>\n\n<div class=\"-type-manual block -width-default -halign-center -valign-default spacer\" style=\"--spacing: 4;\" ><div class=\"block-inside spacer-inside\"><\/div><\/div>\n\n<div class=\"-align-left -heading-medium -color-default -boldcolor-default -padding-none block -width-default -halign-center -valign-default heading\" style=\"\" ><div class=\"block-inside heading-inside\"><div role=\"heading\" aria-level=\"1\" data-search=\"What are the benefits?\">\u00bfCuales son los beneficios?<\/div><\/div><\/div>\n\n<div class=\"-bullet-red -bullet -size-small -align-left block -width-default -halign-center -valign-default text\" style=\"\" ><div class=\"block-inside text-inside\"><p><strong>Para l\u00edderes de agencias de servicios sociales:<\/strong>\n<br><\/p>\n<ul>\n<li>Mayor conocimiento y pr\u00e1ctica en el desarrollo de equipos de personal eficaces\n<br><\/li>\n<li>Tareas de desempe\u00f1o y organizaci\u00f3n para l\u00edderes de agencias de servicios sociales\n<br><\/li>\n<li>Estrategias de implementaci\u00f3n para la gesti\u00f3n orientada a resultados\n<br><\/li>\n<li>Gesti\u00f3n participativa\n<br><\/li>\n<li>Intervenciones sist\u00e9micas para apoyar las operaciones y servicios directos a las familias<\/li>\n<\/ul><\/div><\/div>\n\n<div class=\"-type-manual block -width-default -halign-center -valign-default spacer\" style=\"--spacing: 4;\" ><div class=\"block-inside spacer-inside\"><\/div><\/div>\n\n<div class=\"-align-left -heading-medium -color-default -boldcolor-default -padding-none block -width-default -halign-center -valign-default heading\" style=\"\" ><div class=\"block-inside heading-inside\"><div role=\"heading\" aria-level=\"1\" data-search=\"How does the Management Certificate Training Program work?\">\u00bfC\u00f3mo funciona el Programa de Formaci\u00f3n de Certificado en Gesti\u00f3n?<\/div><\/div><\/div>\n\n<div class=\"-bullet-red -bullet -size-small -align-left block -width-default -halign-center -valign-default text\" style=\"\" ><div class=\"block-inside text-inside\"><ul>\n<li>Los participantes que participen en el Programa de Capacitaci\u00f3n en Gesti\u00f3n y completen las capacitaciones requeridas que se enumeran a continuaci\u00f3n recibir\u00e1n un certificado de finalizaci\u00f3n.\n<br><\/li>\n<li>Las capacitaciones se ofrecer\u00e1n durante todo el a\u00f1o y los participantes podr\u00e1n inscribirse al programa en cualquier momento.<\/li>\n<\/ul><\/div><\/div>\n\n<div class=\"-type-manual block -width-default -halign-center -valign-default spacer\" style=\"--spacing: 4;\" ><div class=\"block-inside spacer-inside\"><\/div><\/div>\n\n<div class=\"-align-left -heading-medium -color-default -boldcolor-default -padding-none block -width-default -halign-center -valign-default heading\" style=\"\" ><div class=\"block-inside heading-inside\"><div role=\"heading\" aria-level=\"1\" data-search=\"What if I have already taken FSA Management and Case Management trainings?\">\u00bfQu\u00e9 pasa si ya he tomado capacitaciones en Gesti\u00f3n de FSA y Gesti\u00f3n de casos?<\/div><\/div><\/div>\n\n<div class=\"-bullet-red -bullet -size-small -align-left block -width-default -halign-center -valign-default text\" style=\"\" ><div class=\"block-inside text-inside\"><ul>\n<li>Las capacitaciones deben haberse completado dentro de los \u00faltimos dos a\u00f1os.\n<br><\/li>\n<li>Se dar\u00e1 cr\u00e9dito a los participantes que hayan participado en cualquiera de las capacitaciones ofrecidas anteriormente.\n<br><\/li>\n<li>S\u00f3lo se ofrece cr\u00e9dito por las capacitaciones proporcionadas por FSA.<\/li>\n<\/ul><\/div><\/div>\n\n<div class=\"-type-manual block -width-default -halign-center -valign-default spacer\" style=\"--spacing: 4;\" ><div class=\"block-inside spacer-inside\"><\/div><\/div>\n\n<div class=\"-align-left -heading-medium -color-default -boldcolor-default -padding-none block -width-default -halign-center -valign-default heading\" style=\"\" ><div class=\"block-inside heading-inside\"><div role=\"heading\" aria-level=\"1\" data-search=\"What does it cost?\">\u00bfCuanto cuesta?<\/div><\/div><\/div>\n\n<div class=\"-bullet-red -bullet -size-small -align-left block -width-default -halign-center -valign-default text\" style=\"\" ><div class=\"block-inside text-inside\"><ul>\n<li>No hay ning\u00fan costo por participar en el Programa de Capacitaci\u00f3n en Gesti\u00f3n, ni por recibir un certificado de finalizaci\u00f3n. <strong>Aparte de las tarifas de inscripci\u00f3n a la formaci\u00f3n para cada formaci\u00f3n.<\/strong>.<\/li>\n<\/ul><\/div><\/div>\n\n<div class=\"-type-manual block -width-default -halign-center -valign-default spacer\" style=\"--spacing: 4;\" ><div class=\"block-inside spacer-inside\"><\/div><\/div>\n\n<div class=\"-align-left -heading-medium -color-default -boldcolor-default -padding-none block -width-default -halign-center -valign-default heading\" style=\"\" ><div class=\"block-inside heading-inside\"><div role=\"heading\" aria-level=\"1\" data-search=\"How do I get started?\">\u00bfC\u00f3mo empiezo?<\/div><\/div><\/div>\n\n<div class=\"-bullet-red -bullet -size-small -align-left block -width-default -halign-center -valign-default text\" style=\"\" ><div class=\"block-inside text-inside\"><ul>\n<li>Complete y env\u00ede el <a href=\"https:\/\/forms.gle\/3abAqYfFTSLbrccj7\">Formulario de inscripci\u00f3n al Programa de Capacitaci\u00f3n en Gesti\u00f3n<\/a>.\n<br><\/li>\n<li>Una vez que FSA reciba el formulario de registro completo, realizaremos un seguimiento de su progreso y le enviaremos recordatorios cuando se ofrezca la pr\u00f3xima capacitaci\u00f3n en administraci\u00f3n. <\/li>\n<\/ul><\/div><\/div>\n\n<div class=\"-type-manual block -width-default -halign-center -valign-default spacer\" style=\"--spacing: 4;\" ><div class=\"block-inside spacer-inside\"><\/div><\/div>\n\n<div class=\"-align-left -heading-medium -color-default -boldcolor-default -padding-none block -width-default -halign-center -valign-default heading\" style=\"\" ><div class=\"block-inside heading-inside\"><div role=\"heading\" aria-level=\"1\" data-search=\"What are the Trainings?\">\u00bfQu\u00e9 son los Entrenamientos?<\/div><\/div><\/div>\n\n<div class=\"-bullet-red -bullet -size-small -align-left block -width-default -halign-center -valign-default text\" style=\"\" ><div class=\"block-inside text-inside\"><p><strong>Entrenamientos b\u00e1sicos:<\/strong>\n<br><\/p>\n<ul>\n<li>Est\u00e1ndares de calidad para la certificaci\u00f3n en fortalecimiento y apoyo familiar\n<br><\/li>\n<li>Introducci\u00f3n a los factores de protecci\u00f3n<\/li>\n<\/ul>\n<p><strong>Capacitaciones en gesti\u00f3n<\/strong>\n<br><\/p>\n<ul>\n<li>Gesti\u00f3n 101: Supervisi\u00f3n en los servicios sociales\n<br><\/li>\n<li>Gesti\u00f3n 102: Supervisi\u00f3n reflexiva\n<br><\/li>\n<li>Gesti\u00f3n 103: C\u00f3mo dar y recibir retroalimentaci\u00f3n y c\u00f3mo tener conversaciones dif\u00edciles\n<br><\/li>\n<li>Gesti\u00f3n 104: Din\u00e1micas de poder en el lugar de trabajo<\/li>\n<\/ul><\/div><\/div>\n\n<div class=\"-type-manual block -width-default -halign-center -valign-default spacer\" style=\"--spacing: 4;\" ><div class=\"block-inside spacer-inside\"><\/div><\/div>\n\n<div class=\"-align-left -heading-medium -color-default -boldcolor-default -padding-none block -width-default -halign-center -valign-default heading\" style=\"\" ><div class=\"block-inside heading-inside\"><div role=\"heading\" aria-level=\"1\" data-search=\"When are the Trainings offered?\">\u00bfCuando se ofrecen los Entrenamientos?<\/div><\/div><\/div>\n\n<div class=\"-bullet-red -bullet -size-small -align-left block -width-default -halign-center -valign-default text\" style=\"\" ><div class=\"block-inside text-inside\"><ul>\n<li>Se ofrecen capacitaciones durante todo el a\u00f1o. Las pr\u00f3ximas capacitaciones se pueden encontrar en nuestro sitio web.<\/li>\n<\/ul><\/div><\/div>\n\n\t<\/div>\n<\/div><\/div>\n\n<div class=\"-default -vpadding-large -hasbg -topborder-none block -width-default -halign-center -valign-default container\" style=\"--background: var(--color-subtle-gray);\" ><div class=\"block-inside container-inside\">\t\t<div class=\"container-blocks\">\n\t\t\n<div class=\"-bullet-purple -bullet -size-large -align-center block -width-default -halign-center -valign-default text\" style=\"\" ><div class=\"block-inside text-inside\"><p>Si tiene alguna pregunta, env\u00ede un correo electr\u00f3nico a Ricardo Eugenio a <a href=\"\/es\/ricardo.eugenio@safeandsound.org\/\">ricardo.eugenio@safeandsound.org<\/a>.<\/p><\/div><\/div>\n\n<div class=\"-type-manual block -width-default -halign-center -valign-default spacer\" style=\"--spacing: 2;\" ><div class=\"block-inside spacer-inside\"><\/div><\/div>\n\n<div class=\"-size-large block -width-default -halign-center -valign-default buttons\" style=\"\" ><div class=\"block-inside buttons-inside\"><a class=\"-button -color-purple\" href=\"https:\/\/sffamilyservicesalliance.org\/wp-content\/uploads\/2024\/10\/Management-Training-Program-FAQs.pdf\">Descargar PDF de preguntas frecuentes<\/a><\/div><\/div>\n\n\t<\/div>\n<\/div><\/div>","protected":false},"excerpt":{"rendered":"","protected":false},"author":1,"featured_media":0,"parent":13716,"menu_order":0,"comment_status":"closed","ping_status":"closed","template":"","meta":{"_acf_changed":false,"footnotes":""},"class_list":["post-14232","page","type-page","status-publish","hentry"],"acf":[],"_links":{"self":[{"href":"https:\/\/sffamilyservicesalliance.org\/es\/wp-json\/wp\/v2\/pages\/14232","targetHints":{"allow":["GET"]}}],"collection":[{"href":"https:\/\/sffamilyservicesalliance.org\/es\/wp-json\/wp\/v2\/pages"}],"about":[{"href":"https:\/\/sffamilyservicesalliance.org\/es\/wp-json\/wp\/v2\/types\/page"}],"author":[{"embeddable":true,"href":"https:\/\/sffamilyservicesalliance.org\/es\/wp-json\/wp\/v2\/users\/1"}],"replies":[{"embeddable":true,"href":"https:\/\/sffamilyservicesalliance.org\/es\/wp-json\/wp\/v2\/comments?post=14232"}],"version-history":[{"count":7,"href":"https:\/\/sffamilyservicesalliance.org\/es\/wp-json\/wp\/v2\/pages\/14232\/revisions"}],"predecessor-version":[{"id":19968,"href":"https:\/\/sffamilyservicesalliance.org\/es\/wp-json\/wp\/v2\/pages\/14232\/revisions\/19968"}],"up":[{"embeddable":true,"href":"https:\/\/sffamilyservicesalliance.org\/es\/wp-json\/wp\/v2\/pages\/13716"}],"wp:attachment":[{"href":"https:\/\/sffamilyservicesalliance.org\/es\/wp-json\/wp\/v2\/media?parent=14232"}],"curies":[{"name":"gracias","href":"https:\/\/api.w.org\/{rel}","templated":true}]}}