{"id":13860,"date":"2024-09-23T11:50:04","date_gmt":"2024-09-23T18:50:04","guid":{"rendered":"https:\/\/sffamilyservicesalliance.org\/?page_id=13860"},"modified":"2026-03-05T17:48:35","modified_gmt":"2026-03-06T01:48:35","slug":"partner-spotlight","status":"publish","type":"page","link":"https:\/\/sffamilyservicesalliance.org\/es\/partner-spotlight\/","title":{"rendered":"Socio destacado"},"content":{"rendered":"<div class=\"-default -vpadding-large -topborder-none block -width-default -halign-center -valign-default container\" style=\"\" ><div class=\"block-inside container-inside\">\t\t<div class=\"container-blocks\">\n\t\t\n<div class=\"-columns -columns -columns-align-center -columns-2 -vpadding-none -topborder-none block -width-default -halign-center -valign-default container\" style=\"\" ><div class=\"block-inside container-inside\">\t\t<div class=\"container-blocks\">\n\t\t\n<div class=\"-default -vpadding-none -topborder-none block -width-default -halign-center -valign-default container\" style=\"\" ><div class=\"block-inside container-inside\">\t\t<div class=\"container-blocks\">\n\t\t\n<div class=\"-align-center -heading-large -color-red -boldcolor-default -padding-none block -width-default -halign-center -valign-default heading\" style=\"\" ><div class=\"block-inside heading-inside\"><div role=\"heading\" aria-level=\"1\" data-search=\"Partner Spotlight: Good Samaritan Family Resource Center\">Socio destacado:<br><span style=\"font-size: 0.9em;\"><strong>Centro de recursos familiares del Buen Samaritano<\/strong><\/span><\/div><\/div><\/div>\n\n<div class=\"-type-manual block -width-default -halign-center -valign-default spacer\" style=\"--spacing: 1;\" ><div class=\"block-inside spacer-inside\"><\/div><\/div>\n\n<div class=\"-align-center -heading-small -color-gray2 -boldcolor-default -padding-none block -width-default -halign-center -valign-default heading\" style=\"\" ><div class=\"block-inside heading-inside\"><div role=\"heading\" aria-level=\"1\" data-search=\"Strong families. Bright futures. For generations.\">Familias fuertes. Futuros brillantes. Por generaciones.<\/div><\/div><\/div>\n\n\t<\/div>\n<\/div><\/div>\n\n<div class=\"-default -vpadding-none -topborder-none block -width-default -halign-center -valign-default container\" style=\"\" ><div class=\"block-inside container-inside\">\t\t<div class=\"container-blocks\">\n\t\t\n<div class=\"block -width-custom -halign-left -valign-default image\" style=\"--widget-max-width: 900px;\" ><div class=\"block-inside image-inside\"><figure><img loading=\"lazy\" decoding=\"async\" width=\"1080\" height=\"1080\" src=\"https:\/\/sffamilyservicesalliance.org\/wp-content\/uploads\/2026\/03\/Good-Sam_teen-promotores.png\" class=\"attachment-full size-full\" alt=\"\" srcset=\"https:\/\/sffamilyservicesalliance.org\/wp-content\/uploads\/2026\/03\/Good-Sam_teen-promotores.png 1080w, https:\/\/sffamilyservicesalliance.org\/wp-content\/uploads\/2026\/03\/Good-Sam_teen-promotores-300x300.png 300w, https:\/\/sffamilyservicesalliance.org\/wp-content\/uploads\/2026\/03\/Good-Sam_teen-promotores-1024x1024.png 1024w, https:\/\/sffamilyservicesalliance.org\/wp-content\/uploads\/2026\/03\/Good-Sam_teen-promotores-150x150.png 150w, https:\/\/sffamilyservicesalliance.org\/wp-content\/uploads\/2026\/03\/Good-Sam_teen-promotores-768x768.png 768w, https:\/\/sffamilyservicesalliance.org\/wp-content\/uploads\/2026\/03\/Good-Sam_teen-promotores-12x12.png 12w\" sizes=\"auto, (max-width: 1080px) 100vw, 1080px\" \/><figcaption>Jos\u00e9 y una compa\u00f1era de clase Promotora de Adolescentes en San Francisco International High School.<\/figcaption><\/figure><\/div><\/div>\n\n\t<\/div>\n<\/div><\/div>\n\n\t<\/div>\n<\/div><\/div>\n\n\t<\/div>\n<\/div><\/div>\n\n<div class=\"-columns -columns -columns-align-top -columns-2 -vpadding-none -topborder-none block -width-default -halign-center -valign-default container\" style=\"\" ><div class=\"block-inside container-inside\">\t\t<div class=\"container-blocks\">\n\t\t\n<div class=\"-default -vpadding-none -topborder-none block -width-default -halign-center -valign-default container\" style=\"\" ><div class=\"block-inside container-inside\">\t\t<div class=\"container-blocks\">\n\t\t\n<div class=\"-bullet-red -bullet -size-small -align-left block -width-default -halign-center -valign-default text\" style=\"\" ><div class=\"block-inside text-inside\"><h2 aria-level=\"2\">Good Samaritan apoya a todos los ni\u00f1os, j\u00f3venes y familias vulnerables de bajos recursos en San Francisco, especialmente a las familias inmigrantes y reci\u00e9n llegadas. Juntos trabajamos para desarrollar las habilidades y los recursos necesarios para superar la pobreza y el desplazamiento, desarrollar la autosuficiencia y participar plenamente en la comunidad que todos compartimos.\n<br><\/h2>\n<p><br>\nCuando Jos\u00e9 lleg\u00f3 a Estados Unidos en octubre de 2023, se sinti\u00f3 invisible.<\/p>\n<p>Con tan solo 19 a\u00f1os, lo hab\u00eda dejado todo en Guanajuato, M\u00e9xico: su hogar, su escuela, sus amigos. Lleg\u00f3 a un nuevo pa\u00eds con miedo, dolor y la pregunta silenciosa que tantos j\u00f3venes inmigrantes cargan:<\/p>\n<p>\u00bfA d\u00f3nde pertenezco?<\/p>\n<p>Encontr\u00f3 su respuesta en el Centro de Recursos Familiares Good Samaritan (Good Sam) en San Francisco.<\/p>\n<p>A trav\u00e9s del Programa J\u00f3venes Promotores de Good Sam, parte de su enfoque bigeneracional que apoya tanto a j\u00f3venes como a familias, Jos\u00e9 encontr\u00f3 m\u00e1s que apoyo acad\u00e9mico. Encontr\u00f3 una comunidad. Encontr\u00f3 mentores que comprend\u00edan los desaf\u00edos de ser un reci\u00e9n llegado. Encontr\u00f3 un espacio seguro y con ra\u00edces culturales, dise\u00f1ado para ayudar a los j\u00f3venes inmigrantes a liderar, crecer y generar cambios en sus comunidades.<\/p>\n<p>\u201cCuando llegu\u00e9 a este pa\u00eds, no sent\u00eda que formara parte de una comunidad. En este programa, encontr\u00e9 gente que habla espa\u00f1ol como yo. Volv\u00ed a sentirme parte de algo\u201d, comparte Jos\u00e9.<\/p><\/div><\/div>\n\n<div class=\"-type-manual block -width-default -halign-center -valign-default spacer\" style=\"--spacing: 6;\" ><div class=\"block-inside spacer-inside\"><\/div><\/div>\n\n\t<\/div>\n<\/div><\/div>\n\n<div class=\"-default -vpadding-none -topborder-none block -width-default -halign-center -valign-default container\" style=\"\" ><div class=\"block-inside container-inside\">\t\t<div class=\"container-blocks\">\n\t\t\n<div class=\"-bullet-red -bullet -size-small -align-left block -width-default -halign-center -valign-default text\" style=\"\" ><div class=\"block-inside text-inside\"><p>En Good Sam, j\u00f3venes como Jos\u00e9 reciben desarrollo de liderazgo, oportunidades de mentor\u00eda entre pares, orientaci\u00f3n acad\u00e9mica y apoyo socioemocional, todo ello basado en la dignidad, la pertenencia y el orgullo cultural. El programa se adapta a las necesidades de los j\u00f3venes, respetando su idioma, identidad y experiencia vivida.<\/p>\n<p>Hoy, Jos\u00e9 ya no solo intenta sobrevivir. Ayuda a otros a prosperar.<\/p>\n<p>Dos veces por semana, puedes encontrarlo en San Francisco International High School, compartiendo comidas con sus compa\u00f1eros de clase, ayud\u00e1ndolos con las tareas, escuchando sus preocupaciones y record\u00e1ndoles que no est\u00e1n solos, especialmente cuando enfrentan los mismos miedos que alguna vez carg\u00f3.<\/p>\n<p>\u201cSer promotor significa ayudar a tu comunidad. Significa dedicar tu tiempo con todo el coraz\u00f3n, no solo para ti, sino para ayudar a todos a avanzar juntos, dice.<\/p>\n<p>La transformaci\u00f3n de Jos\u00e9 no fue casualidad. Ocurri\u00f3 porque hab\u00eda un espacio seguro y acogedor esper\u00e1ndolo cuando m\u00e1s lo necesitaba: un lugar donde pod\u00eda moverse entre el ingl\u00e9s y el espa\u00f1ol con facilidad, conectar con compa\u00f1eros que comprend\u00edan su experiencia y descubrir que su voz importaba.<\/p>\n<p>En Good Sam, los j\u00f3venes reci\u00e9n llegados no solo reciben apoyo.<\/p>\n<p>Se convierten en l\u00edderes.<\/p><\/div><\/div>\n\n<div class=\"-type-manual block -width-default -halign-center -valign-default spacer\" style=\"--spacing: 6;\" ><div class=\"block-inside spacer-inside\"><\/div><\/div>\n\n\t<\/div>\n<\/div><\/div>\n\n\t<\/div>\n<\/div><\/div>\n\n<div class=\"-default -vpadding-large -hasbg -topborder-none block -width-default -halign-center -valign-default container\" style=\"--background: var(--color-subtle-gray);\" ><div class=\"block-inside container-inside\">\t\t<div class=\"container-blocks\">\n\t\t\n<div class=\"-columns -columns -columns-align-center -columns-2 -vpadding-none -topborder-none block -width-default -halign-center -valign-default container\" style=\"\" ><div class=\"block-inside container-inside\">\t\t<div class=\"container-blocks\">\n\t\t\n<div class=\"-default -vpadding-none -topborder-none block -width-default -halign-center -valign-default container\" style=\"\" ><div class=\"block-inside container-inside\">\t\t<div class=\"container-blocks\">\n\t\t\n<div class=\"-bullet-red -bullet -size-small -align-left block -width-default -halign-center -valign-default text\" style=\"\" ><div class=\"block-inside text-inside\"><p><strong>Para obtener m\u00e1s informaci\u00f3n sobre el Centro de Recursos Familiares del Buen Samaritano:<\/strong><\/p>\n<ul>\n<li>Correo electr\u00f3nico  <a href=\"mailto:info@goodsamfrc.org\">info@goodsamfrc.org<\/a>\n<br><\/li>\n<li>Llamar <a href=\"tel:415-401-4253\">415-401-4253<\/a>\n<br><\/li>\n<li>Visita <a href=\"https:\/\/goodsamfrc.org\/\">Sitio web de Good Samartitan FRC<\/a><\/li>\n<\/ul><\/div><\/div>\n\n\t<\/div>\n<\/div><\/div>\n\n<div class=\"-default -vpadding-none -topborder-none block -width-default -halign-center -valign-default container\" style=\"\" ><div class=\"block-inside container-inside\">\t\t<div class=\"container-blocks\">\n\t\t\n<div class=\"block -width-default -halign-center -valign-default quote\" style=\"\" ><div class=\"block-inside quote-inside\"><blockquote><p>Como familia reci\u00e9n llegada, no sab\u00edamos c\u00f3mo prepararnos para el k\u00ednder y me sent\u00eda inc\u00f3moda al dejar a mi hijo sin un familiar. Pero desde la visita, sent\u00ed la calidez de los maestros y el amor en el aula. Sab\u00eda que mi hijo prosperar\u00eda aqu\u00ed, y estaremos eternamente agradecidos por un comienzo escolar tan cari\u00f1oso y enriquecedor.<\/p>\n<p>\u2014 Juan Ibarra, padre de Isaac (4)\n<br>\nCentro de Desarrollo Infantil Preescolar<\/p><\/blockquote><\/div><\/div>\n\n\t<\/div>\n<\/div><\/div>\n\n\t<\/div>\n<\/div><\/div>\n\n\t<\/div>\n<\/div><\/div>","protected":false},"excerpt":{"rendered":"","protected":false},"author":1,"featured_media":0,"parent":0,"menu_order":0,"comment_status":"closed","ping_status":"closed","template":"","meta":{"_acf_changed":false,"footnotes":""},"class_list":["post-13860","page","type-page","status-publish","hentry"],"acf":[],"_links":{"self":[{"href":"https:\/\/sffamilyservicesalliance.org\/es\/wp-json\/wp\/v2\/pages\/13860","targetHints":{"allow":["GET"]}}],"collection":[{"href":"https:\/\/sffamilyservicesalliance.org\/es\/wp-json\/wp\/v2\/pages"}],"about":[{"href":"https:\/\/sffamilyservicesalliance.org\/es\/wp-json\/wp\/v2\/types\/page"}],"author":[{"embeddable":true,"href":"https:\/\/sffamilyservicesalliance.org\/es\/wp-json\/wp\/v2\/users\/1"}],"replies":[{"embeddable":true,"href":"https:\/\/sffamilyservicesalliance.org\/es\/wp-json\/wp\/v2\/comments?post=13860"}],"version-history":[{"count":84,"href":"https:\/\/sffamilyservicesalliance.org\/es\/wp-json\/wp\/v2\/pages\/13860\/revisions"}],"predecessor-version":[{"id":20053,"href":"https:\/\/sffamilyservicesalliance.org\/es\/wp-json\/wp\/v2\/pages\/13860\/revisions\/20053"}],"wp:attachment":[{"href":"https:\/\/sffamilyservicesalliance.org\/es\/wp-json\/wp\/v2\/media?parent=13860"}],"curies":[{"name":"gracias","href":"https:\/\/api.w.org\/{rel}","templated":true}]}}