{"id":13726,"date":"2024-09-18T15:13:08","date_gmt":"2024-09-18T22:13:08","guid":{"rendered":"https:\/\/sffamilyservicesalliance.org\/?page_id=13726"},"modified":"2026-05-06T11:12:27","modified_gmt":"2026-05-06T18:12:27","slug":"advocacy-and-policy","status":"publish","type":"page","link":"https:\/\/sffamilyservicesalliance.org\/es\/advocacy-and-policy\/","title":{"rendered":"Defensa y pol\u00edticas"},"content":{"rendered":"<div class=\"-pageheader-divider block -width-default -halign-center -valign-default container\" style=\"\" ><div class=\"block-inside container-inside\"><div class=\"block -width-default -halign-center -valign-default pageheader\" style=\"\" ><div class=\"block-inside pageheader-inside\"><h1 class=\"pageheader-heading\" role=\"heading\" aria-level=\"1\" data-search=\"Advocacy &amp; Policy\">Defensa y pol\u00edticas<\/h1><div class=\"pageheader-subheading\"><p>La Family Services Alliance (FSA) utiliza su voz colectiva para defender a nivel local, estatal y nacional cuestiones que afectan a los ni\u00f1os y las familias y las organizaciones que los apoyan.<\/p><\/div><\/div><\/div><\/div><\/div>\n\n<div class=\"-default -vpadding-large -topborder-none block -width-default -halign-center -valign-default container\" style=\"\" ><div class=\"block-inside container-inside\">\t\t<div class=\"container-blocks\">\n\t\t\n<div class=\"-align-center -heading-large -color-red -boldcolor-default -padding-none block -width-default -halign-center -valign-default heading\" style=\"\" id=\"advocacy-in-action\"><div class=\"block-inside heading-inside\"><div role=\"heading\" aria-level=\"1\" data-search=\"Advocacy in Action\">La defensa de los derechos en acci\u00f3n<\/div><\/div><\/div>\n\n<div class=\"block -width-default -halign-center -valign-default postlist\" style=\"\" ><div class=\"block-inside postlist-inside\"><div class=\"postlist-posts\">\t\t<div class=\"post\">\n\t\t\t\t<div class=\"post-date\">mayo 2026<\/div>\n\t\t\t<h2 class=\"post-title\"><a href=\"https:\/\/safeandsound.org\/blog\/standing-together-san-franciscos-child-abuse-prevention-month-rally\/\">Concentraci\u00f3n del Mes de la Prevenci\u00f3n del Abuso Infantil: Un momento memorable en el Ayuntamiento<\/a><\/h2>\n\t\t\t<!--<div class=\"post-author\"><\/div>-->\n\t\t\t<div class=\"post-excerpt\">\n\t\t\tEl 14 de abril, m\u00e1s de 70 miembros de la comunidad, defensores de los derechos de los padres y l\u00edderes de la ciudad se reunieron en las escaleras del Ayuntamiento de San Francisco para celebrar el Mes de la Prevenci\u00f3n del Abuso Infantil bajo el lema &quot;Familias fuertes, futuros seguros&quot;. Siete supervisores se unieron a nosotros, y ese mismo d\u00eda la Junta de Supervisores aprob\u00f3 una resoluci\u00f3n que reconoce abril de 2026 como el Mes de la Prevenci\u00f3n del Abuso Infantil. Las voces de los padres fueron el eje central del evento. Gracias a todos los que asistieron y vistieron de azul.\t\t\t<\/div>\n\t\t<\/div>\n\t\t\t\t<div class=\"post\">\n\t\t\t\t<div class=\"post-date\">abril 2026<\/div>\n\t\t\t<h2 class=\"post-title\"><a href=\"https:\/\/www.chapinhall.org\/project\/policy-toolkit-advancing-effective-policy-on-economic-and-concrete-supports\/\">Kit de herramientas pol\u00edticas: Impulsando pol\u00edticas eficaces en materia de ayudas econ\u00f3micas y concretas.<\/a><\/h2>\n\t\t\t<!--<div class=\"post-author\"><\/div>-->\n\t\t\t<div class=\"post-excerpt\">\n\t\t\tChapin Hall ha elaborado un conjunto de herramientas pol\u00edticas para promover pol\u00edticas estatales y federales en torno a apoyos econ\u00f3micos y concretos. Se incluye evidencia actual que muestra los efectos de la inestabilidad econ\u00f3mica en el maltrato infantil y el efecto positivo de las pol\u00edticas que mitigan dicha inestabilidad para las familias.\t\t\t<\/div>\n\t\t<\/div>\n\t\t\t\t<div class=\"post\">\n\t\t\t\t<div class=\"post-date\">junio de 2025<\/div>\n\t\t\t<h2 class=\"post-title\"><a href=\"https:\/\/safeandsound.org\/blog\/generating-concrete-strategies-to-better-support-local-youth-at-risk-of-cse\/\">Nuevo informe: Apoyo a j\u00f3venes desconectados en riesgo<\/a><\/h2>\n\t\t\t<!--<div class=\"post-author\"><\/div>-->\n\t\t\t<div class=\"post-excerpt\">\n\t\t\tLos j\u00f3venes que se desvinculan de los sistemas de bienestar infantil y justicia juvenil enfrentan un alto riesgo de explotaci\u00f3n, especialmente explotaci\u00f3n sexual comercial, a menudo en tan solo 48 horas tras estar en la calle. En respuesta, los proveedores de servicios del \u00c1rea de la Bah\u00eda se reunieron en octubre de 2023 para desarrollar estrategias locales de apoyo a estos j\u00f3venes vulnerables, lo que dio como resultado siete recomendaciones clave basadas en experiencias vividas. Este nuevo informe describe estas recomendaciones, el progreso logrado y los pr\u00f3ximos pasos para establecer un sistema de apoyo m\u00e1s centrado en los j\u00f3venes. Consulte el informe completo en l\u00ednea para saber c\u00f3mo puede contribuir al avance de estas iniciativas.\t\t\t<\/div>\n\t\t<\/div>\n\t\t\t\t<div class=\"post\">\n\t\t\t\t<div class=\"post-date\">mayo 2025<\/div>\n\t\t\t<h2 class=\"post-title\"><a href=\"https:\/\/safeandsound.us11.list-manage.com\/track\/click?u=5df75cb14c3cdf5af34c3c855&#038;id=c5d0d5d097&#038;e=218a8d83e3\">La econom\u00eda del abuso infantil<\/a><\/h2>\n\t\t\t<!--<div class=\"post-author\"><\/div>-->\n\t\t\t<div class=\"post-excerpt\">\n\t\t\tSi le interesa saber m\u00e1s sobre el costo del maltrato y la negligencia infantil en California, Safe &amp; Sound ha publicado su informe anual hist\u00f3rico, que muestra que el maltrato y la negligencia infantil le costaron a California m\u00e1s de $16 mil millones de d\u00f3lares en 2024. Esto representa miles de oportunidades perdidas para la prevenci\u00f3n. Utilice los datos de este informe para ver c\u00f3mo se compara su condado con otras partes de California y as\u00ed fundamentar la necesidad de mejores servicios de prevenci\u00f3n.\t\t\t<\/div>\n\t\t<\/div>\n\t\t\t\t<div class=\"post\">\n\t\t\t\t<div class=\"post-date\">febrero 2025<\/div>\n\t\t\t<h2 class=\"post-title\"><a href=\"https:\/\/safeandsound.org\/wp-content\/uploads\/2025\/02\/FVC-Report_FINAL-2024-1.pdf\">Nuevo informe del Consejo contra la Violencia Familiar orienta la inversi\u00f3n en apoyo familiar<\/a><\/h2>\n\t\t\t<!--<div class=\"post-author\"><\/div>-->\n\t\t\t<div class=\"post-excerpt\">\n\t\t\tEl informe del a\u00f1o fiscal 2022-2023, que recopila datos de m\u00e1s de 10 agencias municipales y 27 organizaciones comunitarias, ofrece informaci\u00f3n sobre la violencia familiar en San Francisco. Incluye datos sobre el papel de la Iniciativa del Centro de Recursos Familiares de San Francisco en la prevenci\u00f3n del maltrato y la negligencia infantil. Una de las cinco recomendaciones es \u2019mejorar y\/o mantener el acceso a las necesidades b\u00e1sicas y de emergencia para proteger a las poblaciones m\u00e1s vulnerables de nuestra ciudad y ayudar a prevenir la violencia familiar\u2018, un elemento esencial del trabajo de las organizaciones de apoyo familiar. Los tres copresidentes del Comit\u00e9 de Vigilancia de la Violencia Familiar (FVC) y representantes de MOVR se han reunido con miembros de la Junta de Supervisores y la Oficina del Alcalde para abogar por las prioridades del FVC, incluyendo garantizar que la ciudad preserve los servicios existentes para prevenir la violencia familiar.\t\t\t<\/div>\n\t\t<\/div>\n\t\t\t\t<div class=\"post\">\n\t\t\t\t<div class=\"post-date\">septiembre 2024<\/div>\n\t\t\t<h2 class=\"post-title\"><a href=\"https:\/\/www.caltrin.org\/wp-content\/uploads\/2024\/08\/MRCS-Task-Force-Report-for-09-04-24.pdf\">Pasar de denunciar a las familias a apoyarlas<\/a><\/h2>\n\t\t\t<!--<div class=\"post-author\"><\/div>-->\n\t\t\t<div class=\"post-excerpt\">\n\t\t\tEste informe proporciona datos y recomendaciones para pasar de denunciar a las familias a apoyarlas.\t\t\t<\/div>\n\t\t<\/div>\n\t\t<\/div><\/div><\/div>\n\n\t<\/div>\n<\/div><\/div>\n\n<div class=\"-default -vpadding-large -topborder-none block -width-default -halign-center -valign-default -block-disabled container\" style=\"\" ><div class=\"block-inside container-inside\">\t\t<div class=\"container-blocks\">\n\t\t\n<div class=\"-align-center -heading-large -color-red -boldcolor-default -padding-none block -width-default -halign-center -valign-default heading\" style=\"\" ><div class=\"block-inside heading-inside\"><div role=\"heading\" aria-level=\"1\" data-search=\"Opportunities to Take\u00a0Action\">Oportunidades para <strong>Tomar medidas<\/strong><\/div><\/div><\/div>\n\n<div class=\"-bullet-red -bullet -size-large -align-center block -width-default -halign-center -valign-default text\" style=\"\" ><div class=\"block-inside text-inside\"><p>A lo largo del a\u00f1o, surgen muchas oportunidades para que los miembros, las comunidades y las familias alcen sus voces colectivamente para educar y activar a los responsables de las pol\u00edticas sobre lo que los ni\u00f1os y las familias necesitan para prosperar. Oportunidades actuales para tomar medidas con FSA:<\/p><\/div><\/div>\n\n<div class=\"-type-manual block -width-default -halign-center -valign-default spacer\" style=\"--spacing: 2;\" ><div class=\"block-inside spacer-inside\"><\/div><\/div>\n\n<div class=\"-columns -columns -columns-align-top -columns-2 -vpadding-none -topborder-none block -width-default -halign-center -valign-default container\" style=\"\" ><div class=\"block-inside container-inside\">\t\t<div class=\"container-blocks\">\n\t\t\n<div class=\"-default -vpadding-none -topborder-none block -width-default -halign-center -valign-default container\" style=\"\" ><div class=\"block-inside container-inside\">\t\t<div class=\"container-blocks\">\n\t\t\n<div class=\"block -width-default -halign-center -valign-default image\" style=\"\" ><div class=\"block-inside image-inside\"><figure><img loading=\"lazy\" decoding=\"async\" width=\"2560\" height=\"1707\" src=\"https:\/\/sffamilyservicesalliance.org\/wp-content\/uploads\/2024\/09\/planting-day-at-family-connections_53332397648_o-scaled.jpg\" class=\"attachment-full size-full\" alt=\"\" srcset=\"https:\/\/sffamilyservicesalliance.org\/wp-content\/uploads\/2024\/09\/planting-day-at-family-connections_53332397648_o-scaled.jpg 2560w, https:\/\/sffamilyservicesalliance.org\/wp-content\/uploads\/2024\/09\/planting-day-at-family-connections_53332397648_o-300x200.jpg 300w, https:\/\/sffamilyservicesalliance.org\/wp-content\/uploads\/2024\/09\/planting-day-at-family-connections_53332397648_o-1024x683.jpg 1024w, https:\/\/sffamilyservicesalliance.org\/wp-content\/uploads\/2024\/09\/planting-day-at-family-connections_53332397648_o-768x512.jpg 768w, https:\/\/sffamilyservicesalliance.org\/wp-content\/uploads\/2024\/09\/planting-day-at-family-connections_53332397648_o-1536x1024.jpg 1536w, https:\/\/sffamilyservicesalliance.org\/wp-content\/uploads\/2024\/09\/planting-day-at-family-connections_53332397648_o-2048x1365.jpg 2048w\" sizes=\"auto, (max-width: 2560px) 100vw, 2560px\" \/><figcaption>D\u00eda de plantaci\u00f3n en Family Connections<\/figcaption><\/figure><\/div><\/div>\n\n\t<\/div>\n<\/div><\/div>\n\n<div class=\"-default -vpadding-none -topborder-none block -width-default -halign-center -valign-default container\" style=\"--column-size: 2;\" ><div class=\"block-inside container-inside\">\t\t<div class=\"container-blocks\">\n\t\t\n<div class=\"-borderless -bullet -bullet-red block -width-default -halign-center -valign-default accordion\" style=\"--accordion-color: var(--color-red);\" ><div class=\"block-inside accordion-inside\"><details>\n    <summary><p>Contacte a los responsables pol\u00edticos<\/p><\/summary>\n    <div class=\"accordion-content\">\n        <ul>\n<li><a href=\"https:\/\/www.house.gov\/representatives\/find-your-representative\">Encuentra a tu representante en la C\u00e1mara<\/a> En la C\u00e1mara de Representantes de los Estados Unidos\n<br><\/li>\n<li>Encuentra a tu representante en la C\u00e1mara <a href=\"https:\/\/www.house.gov\/representatives\">N\u00famero de tel\u00e9fono de Washington DC<\/a>\n<br><\/li>\n<li><a href=\"https:\/\/findyourrep.legislature.ca.gov\/\">Encuentra a tu representante estatal<\/a> en la Legislatura del Estado de California\n<br><\/li>\n<li><a href=\"https:\/\/sfbos.org\/roster-members\">Encuentra a tu supervisor de distrito<\/a> en la Junta de Supervisores de San Francisco<\/li>\n<\/ul>    <\/div>\n<\/details>\n<\/div><\/div>\n\n<div class=\"-borderless -bullet -bullet-red block -width-default -halign-center -valign-default accordion\" style=\"--accordion-color: var(--color-red);\" ><div class=\"block-inside accordion-inside\"><details>\n    <summary><p>Haz que tu voz se escuche en una reuni\u00f3n o evento<\/p><\/summary>\n    <div class=\"accordion-content\">\n        <p>La Junta de Supervisores de San Francisco (SFBOS) celebra reuniones p\u00fablicas peri\u00f3dicas en las que los residentes pueden expresar sus opiniones sobre cuestiones locales. <a href=\"https:\/\/sfbos.org\/events\/calendar\/upcoming\/\">Asistir y hablar durante los per\u00edodos de comentarios p\u00fablicos.<\/a>Puede compartir c\u00f3mo los FRC han impactado positivamente a su familia, resaltar los servicios cruciales que brindan y enfatizar la necesidad de apoyo y financiaci\u00f3n continuos.<\/p>    <\/div>\n<\/details>\n<\/div><\/div>\n\n<div class=\"-borderless -bullet -bullet-red block -width-default -halign-center -valign-default accordion\" style=\"--accordion-color: var(--color-red);\" ><div class=\"block-inside accordion-inside\"><details>\n    <summary><p>Participe en una campa\u00f1a de redacci\u00f3n de cartas <\/p><\/summary>\n    <div class=\"accordion-content\">\n        <p>La FSA lleva a cabo campa\u00f1as peri\u00f3dicas de redacci\u00f3n de cartas para defender a las organizaciones de apoyo familiar y a los distintos niveles de gobierno. Vuelva pronto para conocer las pr\u00f3ximas oportunidades de redacci\u00f3n de cartas relacionadas con la plataforma de pol\u00edticas y defensa de derechos de la FSA.<\/p>    <\/div>\n<\/details>\n<\/div><\/div>\n\n\t<\/div>\n<\/div><\/div>\n\n\t<\/div>\n<\/div><\/div>\n\n\t<\/div>\n<\/div><\/div>\n\n<div class=\"-default -vpadding-large -hasbg -topborder-none block -width-default -halign-center -valign-default container\" style=\"--background: var(--color-subtle-gray);\" id=\"what-guides-our-advocacy\"><div class=\"block-inside container-inside\">\t\t<div class=\"container-blocks\">\n\t\t\n<div class=\"-align-center -heading-large -color-purple -boldcolor-default -padding-none block -width-default -halign-center -valign-default heading\" style=\"\" ><div class=\"block-inside heading-inside\"><div role=\"heading\" aria-level=\"1\" data-search=\"What Guides Our Advocacy?\">\u00bfQu\u00e9 gu\u00eda nuestra defensa?<\/div><\/div><\/div>\n\n<div class=\"-type-manual block -width-default -halign-center -valign-default spacer\" style=\"--spacing: 2;\" ><div class=\"block-inside spacer-inside\"><\/div><\/div>\n\n<div class=\"-columns -columns -columns-align-center -columns-2 -vpadding-none -topborder-none block -width-default -halign-center -valign-default container\" style=\"\" ><div class=\"block-inside container-inside\">\t\t<div class=\"container-blocks\">\n\t\t\n<div class=\"-default -vpadding-none -topborder-none block -width-default -halign-center -valign-default container\" style=\"--column-size: 2;\" ><div class=\"block-inside container-inside\">\t\t<div class=\"container-blocks\">\n\t\t\n<div class=\"-align-left -heading-medium -color-purple -boldcolor-default -padding-none block -width-default -halign-center -valign-default heading\" style=\"\" ><div class=\"block-inside heading-inside\"><div role=\"heading\" aria-level=\"1\" data-search=\"The FSA\u2019s Policy Platform\">Plataforma de pol\u00edticas de la FSA<\/div><\/div><\/div>\n\n<div class=\"-bullet-purple -bullet -size-small -align-left block -width-default -halign-center -valign-default text\" style=\"\" ><div class=\"block-inside text-inside\"><p>La FSA puede liderar esfuerzos para abordar cuestiones y pol\u00edticas que:<\/p>\n<ul>\n<li>\n<p>Construir la red de seguridad comunitaria para las familias a trav\u00e9s de esfuerzos para aumentar la capacidad, la sostenibilidad y los servicios de alta calidad de las organizaciones de apoyo familiar basadas en la comunidad.<\/p>\n<\/li>\n<li>\n<p>Mejorar la red de apoyo comunitario para las familias y sus hijos a trav\u00e9s de una mayor colaboraci\u00f3n y coordinaci\u00f3n de las agencias comunitarias y p\u00fablicas, la alineaci\u00f3n de los sistemas y la promoci\u00f3n del enfoque de dos generaciones.<\/p>\n<\/li>\n<\/ul>\n<p>Adem\u00e1s, la FSA puede apoyar esfuerzos para abordar cuestiones y pol\u00edticas que:<\/p>\n<ul>\n<li>\n<p>Reducir la pobreza y mejorar la estabilidad econ\u00f3mica, priorizando las necesidades b\u00e1sicas de los ni\u00f1os y las familias.<\/p>\n<\/li>\n<li>\n<p>Mejorar el acceso a la atenci\u00f3n m\u00e9dica y mejorar la salud mental, emocional y f\u00edsica.<\/p>\n<\/li>\n<li>\n<p>Mejorar la preparaci\u00f3n escolar y el acceso a las oportunidades para abordar las desigualdades educativas.<\/p>\n<\/li>\n<\/ul><\/div><\/div>\n\n\t<\/div>\n<\/div><\/div>\n\n<div class=\"-default -vpadding-none -topborder-none block -width-default -halign-center -valign-default container\" style=\"\" ><div class=\"block-inside container-inside\">\t\t<div class=\"container-blocks\">\n\t\t\n<div class=\"block -width-default -halign-center -valign-default image\" style=\"\" ><div class=\"block-inside image-inside\"><figure><img loading=\"lazy\" decoding=\"async\" width=\"2560\" height=\"1920\" src=\"https:\/\/sffamilyservicesalliance.org\/wp-content\/uploads\/2026\/04\/advocacy_page_photo-scaled-1.jpg\" class=\"attachment-full size-full\" alt=\"\" srcset=\"https:\/\/sffamilyservicesalliance.org\/wp-content\/uploads\/2026\/04\/advocacy_page_photo-scaled-1.jpg 2560w, https:\/\/sffamilyservicesalliance.org\/wp-content\/uploads\/2026\/04\/advocacy_page_photo-scaled-1-300x225.jpg 300w, https:\/\/sffamilyservicesalliance.org\/wp-content\/uploads\/2026\/04\/advocacy_page_photo-scaled-1-1024x768.jpg 1024w, https:\/\/sffamilyservicesalliance.org\/wp-content\/uploads\/2026\/04\/advocacy_page_photo-scaled-1-768x576.jpg 768w, https:\/\/sffamilyservicesalliance.org\/wp-content\/uploads\/2026\/04\/advocacy_page_photo-scaled-1-1536x1152.jpg 1536w, https:\/\/sffamilyservicesalliance.org\/wp-content\/uploads\/2026\/04\/advocacy_page_photo-scaled-1-2048x1536.jpg 2048w, https:\/\/sffamilyservicesalliance.org\/wp-content\/uploads\/2026\/04\/advocacy_page_photo-scaled-1-16x12.jpg 16w\" sizes=\"auto, (max-width: 2560px) 100vw, 2560px\" \/><figcaption>Miembros de la FSA en una manifestaci\u00f3n del Ministerio de Salud y Desarrollo Infantil.<\/figcaption><\/figure><\/div><\/div>\n\n\t<\/div>\n<\/div><\/div>\n\n\t<\/div>\n<\/div><\/div>\n\n\t<\/div>\n<\/div><\/div>","protected":false},"excerpt":{"rendered":"","protected":false},"author":1,"featured_media":0,"parent":0,"menu_order":3,"comment_status":"closed","ping_status":"closed","template":"","meta":{"_acf_changed":false,"footnotes":""},"class_list":["post-13726","page","type-page","status-publish","hentry"],"acf":[],"_links":{"self":[{"href":"https:\/\/sffamilyservicesalliance.org\/es\/wp-json\/wp\/v2\/pages\/13726","targetHints":{"allow":["GET"]}}],"collection":[{"href":"https:\/\/sffamilyservicesalliance.org\/es\/wp-json\/wp\/v2\/pages"}],"about":[{"href":"https:\/\/sffamilyservicesalliance.org\/es\/wp-json\/wp\/v2\/types\/page"}],"author":[{"embeddable":true,"href":"https:\/\/sffamilyservicesalliance.org\/es\/wp-json\/wp\/v2\/users\/1"}],"replies":[{"embeddable":true,"href":"https:\/\/sffamilyservicesalliance.org\/es\/wp-json\/wp\/v2\/comments?post=13726"}],"version-history":[{"count":1,"href":"https:\/\/sffamilyservicesalliance.org\/es\/wp-json\/wp\/v2\/pages\/13726\/revisions"}],"predecessor-version":[{"id":20181,"href":"https:\/\/sffamilyservicesalliance.org\/es\/wp-json\/wp\/v2\/pages\/13726\/revisions\/20181"}],"wp:attachment":[{"href":"https:\/\/sffamilyservicesalliance.org\/es\/wp-json\/wp\/v2\/media?parent=13726"}],"curies":[{"name":"gracias","href":"https:\/\/api.w.org\/{rel}","templated":true}]}}